{"id":899,"date":"2019-03-13T02:12:10","date_gmt":"2019-03-13T02:12:10","guid":{"rendered":"https:\/\/dtsplus-online.com\/contact-us\/"},"modified":"2024-05-13T17:29:25","modified_gmt":"2024-05-13T16:29:25","slug":"contact-us","status":"publish","type":"page","link":"https:\/\/dtsplus-online.com\/fr\/contact-us\/","title":{"rendered":"Contactez-nous"},"content":{"rendered":"<section class=\"wpb-content-wrapper\"><div id=\"tm-row-69f684980e877\" class=\"vc_row vc_row-outer vc_row-fluid\"><div id=\"tm-column-69f684980f106\" class=\"wpb_column vc_column_container vc_col-sm-12\"><div class=\"vc_column-inner\"><div class=\"wpb_wrapper\"><div class=\"tm-spacer\" id=\"tm-spacer-69f684980f605\"><\/div>\n<div class=\"tm-spacer\" id=\"tm-spacer-69f684980f7d1\"><\/div>\n\n<div class=\"tm-heading left-line center tm-animation move-up\" id=\"tm-heading-69f684980fbc4\">\n\t<h3 class=\"heading\" style=\"\">Pour faire des demandes d&#039;informations compl\u00e9mentaires, <mark>Nous contacter<\/mark> via nos r\u00e9seaux sociaux.<\/h3><\/div>\n\n<div class=\"tm-spacer\" id=\"tm-spacer-69f684981015b\"><\/div>\n\n<div class=\"tm-heading vc_custom_1672656014182  center tm-animation move-up\" id=\"tm-heading-69f6849810459\">\n\t<div class=\"heading\" style=\"\">Nous avons juste besoin de quelques heures !<br \/>\nPas plus de 2 jours ouvrables depuis la r\u00e9ception de votre ticket d&#039;\u00e9mission.<\/div><\/div>\n\n<div class=\"tm-spacer\" id=\"tm-spacer-69f6849810a8e\"><\/div>\n<div class=\"tm-spacer\" id=\"tm-spacer-69f6849810bff\"><\/div>\n<\/div><\/div><\/div><\/div><div id=\"tm-row-69f68498114ac\" class=\"vc_row vc_row-outer vc_row-fluid\"><div id=\"tm-column-69f6849811969\" class=\"wpb_column vc_column_container vc_col-sm-6\"><div class=\"vc_column-inner\"><div class=\"wpb_wrapper\"><div class=\"tm-spacer\" id=\"tm-spacer-69f6849811cf2\"><\/div>\n<div id=\"tm-row-inner-69f6849812284\" class=\"vc_row vc_inner vc_row-fluid\"><div id=\"tm-column-inner-69f6849812923\" class=\"wpb_column vc_column_container vc_col-sm-12\"><div class=\"vc_column-inner\"><div class=\"wpb_wrapper\">\n<div class=\"tm-heading  left tm-animation move-up\" id=\"tm-heading-69f6849812e18\">\n\t<h3 class=\"heading\" style=\"\">ROYAUME-UNI<\/h3><\/div>\n\n<div class=\"tm-spacer\" id=\"tm-spacer-69f6849815ead\"><\/div>\n\n<div class=\"tm-heading vc_custom_1715617733872  left tm-animation move-up\" id=\"tm-heading-69f68498161d9\">\n\t<div class=\"heading\" style=\"\">61 BRIDGE STREET KINGTON<br \/>\nROYAUME-UNI<\/div><\/div>\n\n\n<div class=\"tm-heading vc_custom_1666543765278  left tm-animation move-up\" id=\"tm-heading-69f6849816966\">\n\t<div class=\"heading\" style=\"\"><a href=\"mailto:contact@dtsplus-online.com\">contact@dtsplus-online.com<\/a><\/div><\/div>\n\n\n<div class=\"tm-heading vc_custom_1715617763020  left tm-animation move-up\" id=\"tm-heading-69f684981710a\">\n\t<div class=\"heading\" style=\"\"><a href=\"\/fr\/+44 7458 114877\/\">+44 7458 114877<\/a><\/div><\/div>\n\n\n\t<div class=\"tm-social-networks style-icons layout-inline tm-animation move-up\" id=\"tm-social-networks-69f68498178cc\">\n\t\t<ul class=\"list\">\t\t\t<li class=\"item\">\n\t\t\t\t<a href=\"https:\/\/twitter.com\"\n\t\t\t\t\t\t\t\t\t\t\ttarget=\"_blank\"\n\t\t\t\t\t\n\t\t\t\t\t\t\t\t\t\t\taria-label=\"Twitter\"\n\t\t\t\t\t\n\t\t\t\t\t\t\t\t\t\t\tclass=\"link\"\n\t\t\t\t\t\t\t\t\t>\n\t\t\t\t\t<i class=\"fab fa-twitter link-icon\"><\/i>\t\t\t\t<\/a>\n\t\t\t<\/li>\n\t\t\t\t\t\t<li class=\"item\">\n\t\t\t\t<a href=\"https:\/\/facebook.com\"\n\t\t\t\t\t\t\t\t\t\t\ttarget=\"_blank\"\n\t\t\t\t\t\n\t\t\t\t\t\t\t\t\t\t\taria-label=\"Facebook\"\n\t\t\t\t\t\n\t\t\t\t\t\t\t\t\t\t\tclass=\"link\"\n\t\t\t\t\t\t\t\t\t>\n\t\t\t\t\t<i class=\"fab fa-facebook-f link-icon\"><\/i>\t\t\t\t<\/a>\n\t\t\t<\/li>\n\t\t\t\t\t\t<li class=\"item\">\n\t\t\t\t<a href=\"https:\/\/instagram.com\"\n\t\t\t\t\t\t\t\t\t\t\ttarget=\"_blank\"\n\t\t\t\t\t\n\t\t\t\t\t\t\t\t\t\t\taria-label=\"Instagram\"\n\t\t\t\t\t\n\t\t\t\t\t\t\t\t\t\t\tclass=\"link\"\n\t\t\t\t\t\t\t\t\t>\n\t\t\t\t\t<i class=\"fab fa-instagram link-icon\"><\/i>\t\t\t\t<\/a>\n\t\t\t<\/li>\n\t\t\t\t\t\t<li class=\"item\">\n\t\t\t\t<a href=\"https:\/\/linkedin.com\"\n\t\t\t\t\t\t\t\t\t\t\ttarget=\"_blank\"\n\t\t\t\t\t\n\t\t\t\t\t\t\t\t\t\t\taria-label=\"Linkedin\"\n\t\t\t\t\t\n\t\t\t\t\t\t\t\t\t\t\tclass=\"link\"\n\t\t\t\t\t\t\t\t\t>\n\t\t\t\t\t<i class=\"fab fa-linkedin link-icon\"><\/i>\t\t\t\t<\/a>\n\t\t\t<\/li>\n\t\t\t<\/ul>\t<\/div>\n<div class=\"tm-spacer\" id=\"tm-spacer-69f68498182fd\"><\/div>\n<\/div><\/div><\/div><\/div><\/div><\/div><\/div><div id=\"tm-column-69f6849818676\" class=\"wpb_column vc_column_container vc_col-sm-6\"><div class=\"vc_column-inner\"><div class=\"wpb_wrapper\"><div class=\"tm-contact-form-7-box style-01 group-style-01 tm-animation move-up\">\n\t\n<div class=\"wpcf7 no-js\" id=\"wpcf7-f565-o1\" lang=\"en-US\" dir=\"ltr\" data-wpcf7-id=\"565\">\n<div class=\"screen-reader-response\"><p role=\"status\" aria-live=\"polite\" aria-atomic=\"true\"><\/p> <ul><\/ul><\/div>\n<form action=\"\/fr\/wp-json\/wp\/v2\/pages\/899#wpcf7-f565-o1\" method=\"post\" class=\"wpcf7-form init\" aria-label=\"Contact form\" novalidate=\"novalidate\" data-status=\"init\" data-trp-original-action=\"\/fr\/wp-json\/wp\/v2\/pages\/899#wpcf7-f565-o1\">\n<fieldset class=\"hidden-fields-container\"><input type=\"hidden\" name=\"_wpcf7\" value=\"565\" \/><input type=\"hidden\" name=\"_wpcf7_version\" value=\"6.1.5\" \/><input type=\"hidden\" name=\"_wpcf7_locale\" value=\"en_US\" \/><input type=\"hidden\" name=\"_wpcf7_unit_tag\" value=\"wpcf7-f565-o1\" \/><input type=\"hidden\" name=\"_wpcf7_container_post\" value=\"0\" \/><input type=\"hidden\" name=\"_wpcf7_posted_data_hash\" value=\"\" \/>\n<\/fieldset>\n<div class=\"row\">\n\t<div class=\"col-md-12\">\n\t\t<h4 class=\"form-title\" style=\"font-size: 40px;\">Aidons-nous!\n\t\t<\/h4>\n\t\t<p class=\"form-description\">C&#039;est un plaisir d&#039;avoir une chance de coop\u00e9rer.\n\t\t<\/p>\n\t<\/div>\n\t<div class=\"col-md-6\">\n\t\t<div class=\"form-item\">\n\t\t\t<p><span class=\"wpcf7-form-control-wrap\" data-name=\"your-name\"><input size=\"40\" maxlength=\"400\" class=\"wpcf7-form-control wpcf7-text wpcf7-validates-as-required\" aria-required=\"true\" aria-invalid=\"false\" placeholder=\"Nom *\" value=\"\" type=\"text\" name=\"your-name\" \/><\/span>\n\t\t\t<\/p>\n\t\t<\/div>\n\t<\/div>\n\t<div class=\"col-md-6\">\n\t\t<div class=\"form-item\">\n\t\t\t<p><span class=\"wpcf7-form-control-wrap\" data-name=\"your-email\"><input size=\"40\" maxlength=\"400\" class=\"wpcf7-form-control wpcf7-email wpcf7-validates-as-required wpcf7-text wpcf7-validates-as-email\" aria-required=\"true\" aria-invalid=\"false\" placeholder=\"E-mail *\" value=\"\" type=\"email\" name=\"your-email\" \/><\/span>\n\t\t\t<\/p>\n\t\t<\/div>\n\t<\/div>\n\t<div class=\"col-md-12\">\n\t\t<div class=\"form-item\">\n\t\t\t<p><span class=\"wpcf7-form-control-wrap\" data-name=\"inquiry\"><select class=\"wpcf7-form-control wpcf7-select\" aria-invalid=\"false\" name=\"inquiry\"><option value=\"Your inquiry about\">Votre demande sur<\/option><option value=\"General Information Request\">Demande d&#039;informations g\u00e9n\u00e9rales<\/option><option value=\"Partner Relations\">Relations partenaires<\/option><option value=\"Careers\">Carri\u00e8res<\/option><option value=\"Software Licencing\">Licence de logiciel<\/option><\/select><\/span>\n\t\t\t<\/p>\n\t\t<\/div>\n\t<\/div>\n\t<div class=\"col-md-12\">\n\t\t<div class=\"form-item\">\n\t\t\t<p><span class=\"wpcf7-form-control-wrap\" data-name=\"message\"><textarea cols=\"40\" rows=\"10\" maxlength=\"2000\" class=\"wpcf7-form-control wpcf7-textarea\" aria-invalid=\"false\" placeholder=\"Let us know what you need.\" name=\"message\"><\/textarea><\/span>\n\t\t\t<\/p>\n\t\t<\/div>\n\t<\/div>\n\t<div class=\"col-md-12\">\n\t\t<div class=\"form-submit\">\n\t\t\t<p><input class=\"wpcf7-form-control wpcf7-submit has-spinner\" type=\"submit\" value=\"Send message\" \/>\n\t\t\t<\/p>\n\t\t<\/div>\n\t<\/div>\n<\/div><div class=\"wpcf7-response-output\" aria-hidden=\"true\"><\/div>\n<input type=\"hidden\" name=\"trp-form-language\" value=\"fr\"\/><\/form>\n<\/div>\n<\/div>\n<\/div><\/div><\/div><div id=\"tm-column-69f684981d98d\" class=\"wpb_column vc_column_container vc_col-sm-12\"><div class=\"vc_column-inner\"><div class=\"wpb_wrapper\"><\/div><\/div><\/div><\/div><div id=\"tm-row-69f684981e02f\" data-vc-full-width=\"true\" data-vc-full-width-init=\"false\" class=\"vc_row vc_row-outer vc_row-fluid vc_row-o-content-middle vc_row-flex\"><div id=\"tm-column-69f684981e517\" class=\"wpb_column vc_column_container vc_col-sm-12 vc_col-md-8\"><div class=\"vc_column-inner\"><div class=\"wpb_wrapper\">\n<div class=\"tm-heading  left tm-animation move-up\" id=\"tm-heading-69f684981e9a1\">\n\t<h3 class=\"heading\" style=\"\">Nous g\u00e9rons toutes sortes de services informatiques qui promettent votre <mark>Succ\u00e8s<\/mark><\/h3><\/div>\n\n<div class=\"tm-spacer\" id=\"tm-spacer-69f684981ef5d\"><\/div>\n<\/div><\/div><\/div><div id=\"tm-column-69f684981f1cb\" class=\"wpb_column vc_column_container vc_col-sm-12 vc_col-md-4\"><div class=\"vc_column-inner\"><div class=\"wpb_wrapper\"><div class=\"tm-button-group\" id=\"tm-button-group-69f684981f5f3\">\n\t<div class=\"tm-button-wrapper tm-animation move-up\" id=\"tm-button-69f684981f9cf\">\n\t\t<a class=\"tm-button style-flat tm-button-custom tm-button-custom has-icon icon-left\" href=\"#\"\n\t\t\t>\n\n\t\t\n\t\t\t\t\t\t\t<span class=\"button-icon\">\n\t\t\t\t<i class=\"far fa-comment-alt-dots\"><\/i>\n\t\t\t<\/span>\n\t\t\t\t\t\t<span class=\"button-text\" data-text=\"Let&#039;s talk\">\n\t\t\t\tParlons-en\t\t\t<\/span>\n\t\t\t\n\t\t\n\n\t<\/a>\n<\/div>\n<div class=\"tm-button-wrapper tm-animation move-up\" id=\"tm-button-69f684982023d\">\n\t\t<a class=\"tm-button style-flat tm-button-custom tm-button-custom has-icon icon-left\" href=\"#\"\n\t\t\t>\n\n\t\t\n\t\t\t\t\t\t\t<span class=\"button-icon\">\n\t\t\t\t<i class=\"far fa-info-circle\"><\/i>\n\t\t\t<\/span>\n\t\t\t\t\t\t<span class=\"button-text\" data-text=\"Get info\">\n\t\t\t\tObtenir des informations\t\t\t<\/span>\n\t\t\t\n\t\t\n\n\t<\/a>\n<\/div>\n<\/div>\n<\/div><\/div><\/div><\/div><div class=\"vc_row-full-width vc_clearfix\"><\/div><div id=\"tm-row-69f6849820bbd\" data-vc-full-width=\"true\" data-vc-full-width-init=\"false\" class=\"vc_row vc_row-outer vc_row-fluid\"><div id=\"tm-column-69f6849821034\" class=\"wpb_column vc_column_container vc_col-sm-12\"><div class=\"vc_column-inner\"><div class=\"wpb_wrapper\"><div class=\"tm-spacer\" id=\"tm-spacer-69f684982138f\"><\/div>\n\n<div class=\"tm-heading modern center tm-animation move-up\" id=\"tm-heading-69f6849821688\">\n\t<h6 class=\"heading\" style=\"\">T\u00e9moignages<\/h6><\/div>\n\n<div class=\"tm-spacer\" id=\"tm-spacer-69f6849821be5\"><\/div>\n\n<div class=\"tm-heading modern-02 center tm-animation move-up\" id=\"tm-heading-69f6849821e9d\">\n\t<h3 class=\"heading\" style=\"\">Opinions des gens sur notre entreprise<\/h3><\/div>\n\n<div class=\"tm-spacer\" id=\"tm-spacer-69f684982237a\"><\/div>\n\t<div class=\"tm-testimonial style-carousel tm-animation move-up\" id=\"tm-testimonial-69f68498225c1\">\n\t\t\n<div class=\"mitech-swiper tm-swiper equal-height pagination-style-01\"\n\t data-xs-items=\"1\" data-sm-items=\"2\" data-lg-items=\"2\"\n\t data-lg-gutter=\"20\"\n\t data-slides-per-group=\"inherit\"\n\n\t\n\t\n\t\t\tdata-pagination=\"1\"\n\t\n\t\n\t\t\tdata-loop=\"1\"\n\t\n\t data-equal-height=\"1\"\n>\n\t<div class=\"swiper-inner\">\n\t\t<div class=\"swiper-container\">\n\t\t\t<div class=\"swiper-wrapper\">\n\t\t\t\t\t\t\t\t\t<div class=\"swiper-slide\">\n\t\t\t\t\t\t<div class=\"testimonial-item\">\n\n\t\t\t\t\t\t\t<div class=\"testimonial-info-wrap\">\n\t\t\t\t\t\t\t\t\n\t\t\t\t\t\t\t\t<div class=\"testimonial-info\">\n\t\t\t\t\t\t\t\t\t\t\t\t\t\t\t\t\t\t\t<div class=\"testimonial-rating\">\n\t\t\t\t\t\t\t\t\t\t\t<span class=\"fa fa-star\"><\/span><span class=\"fa fa-star\"><\/span><span class=\"fa fa-star\"><\/span><span class=\"fa fa-star\"><\/span><span class=\"fa fa-star\"><\/span>\t\t\t\t\t\t\t\t\t\t<\/div>\n\t\t\t\t\t\t\t\t\t\n\t\t\t\t\t\t\t\t\t<div class=\"testimonial-main-info\">\n\t\t\t\t\t\t\t\t\t\t<h6 class=\"testimonial-name\">Belinda J. Moon<\/h6>\n\n\t\t\t\t\t\t\t\t\t\t\t\t\t\t\t\t\t\t\t\t\t<div\n\t\t\t\t\t\t\t\t\t\t\t\tclass=\"testimonial-by-line\">Le marketing num\u00e9rique<\/div>\n\t\t\t\t\t\t\t\t\t\t\t\t\t\t\t\t\t\t\t<\/div>\n\t\t\t\t\t\t\t\t<\/div>\n\t\t\t\t\t\t\t<\/div>\n\n\t\t\t\t\t\t\t<div class=\"testimonial-content\">\n\t\t\t\t\t\t\t\t<div class=\"testimonial-desc\"><p>\u00ab\u00a0Nous sommes toujours \u00e9tonn\u00e9s de la grande qualit\u00e9 de l&#039;assistance que nous recevons dans tous les aspects de nos campagnes de recherche sponsoris\u00e9es. L&#039;\u00e9quipe est constamment pr\u00eate \u00e0 r\u00e9pondre aux questions, et nous sommes heureux d&#039;annoncer que le travail de DTS a consid\u00e9rablement augment\u00e9 notre retour sur investissement.<\/p>\n<\/div>\n\t\t\t\t\t\t\t<\/div>\n\t\t\t\t\t\t<\/div>\n\t\t\t\t\t<\/div>\n\n\t\t\t\t\t\t\t\t\t<div class=\"swiper-slide\">\n\t\t\t\t\t\t<div class=\"testimonial-item\">\n\n\t\t\t\t\t\t\t<div class=\"testimonial-info-wrap\">\n\t\t\t\t\t\t\t\t\n\t\t\t\t\t\t\t\t<div class=\"testimonial-info\">\n\t\t\t\t\t\t\t\t\t\t\t\t\t\t\t\t\t\t\t<div class=\"testimonial-rating\">\n\t\t\t\t\t\t\t\t\t\t\t<span class=\"fa fa-star\"><\/span><span class=\"fa fa-star\"><\/span><span class=\"fa fa-star\"><\/span><span class=\"fa fa-star\"><\/span><span class=\"far fa-star\"><\/span>\t\t\t\t\t\t\t\t\t\t<\/div>\n\t\t\t\t\t\t\t\t\t\n\t\t\t\t\t\t\t\t\t<div class=\"testimonial-main-info\">\n\t\t\t\t\t\t\t\t\t\t<h6 class=\"testimonial-name\">Clarice Rivard<\/h6>\n\n\t\t\t\t\t\t\t\t\t\t\t\t\t\t\t\t\t\t\t\t\t<div\n\t\t\t\t\t\t\t\t\t\t\t\tclass=\"testimonial-by-line\">Le marketing num\u00e9rique<\/div>\n\t\t\t\t\t\t\t\t\t\t\t\t\t\t\t\t\t\t\t<\/div>\n\t\t\t\t\t\t\t\t<\/div>\n\t\t\t\t\t\t\t<\/div>\n\n\t\t\t\t\t\t\t<div class=\"testimonial-content\">\n\t\t\t\t\t\t\t\t<div class=\"testimonial-desc\"><p>&quot;Travailler avec DTS sur une nouvelle entreprise a \u00e9t\u00e9 une exp\u00e9rience particuli\u00e8re, de la conception du site au r\u00e9f\u00e9rencement et de nombreux conseils tout au long de la route sur d&#039;autres domaines tels que le PPC.<br \/> J&#039;en ai d\u00e9j\u00e0 parl\u00e9 \u00e0 d&#039;autres.<br \/> Nous assistons \u00e0 une augmentation constante de la recherche organique apr\u00e8s un d\u00e9marrage lent l&#039;ann\u00e9e derni\u00e8re.\u00a0\u00bb<\/p>\n<\/div>\n\t\t\t\t\t\t\t<\/div>\n\t\t\t\t\t\t<\/div>\n\t\t\t\t\t<\/div>\n\n\t\t\t\t\t\t\t\t\t<div class=\"swiper-slide\">\n\t\t\t\t\t\t<div class=\"testimonial-item\">\n\n\t\t\t\t\t\t\t<div class=\"testimonial-info-wrap\">\n\t\t\t\t\t\t\t\t\n\t\t\t\t\t\t\t\t<div class=\"testimonial-info\">\n\t\t\t\t\t\t\t\t\t\t\t\t\t\t\t\t\t\t\t<div class=\"testimonial-rating\">\n\t\t\t\t\t\t\t\t\t\t\t<span class=\"fa fa-star\"><\/span><span class=\"fa fa-star\"><\/span><span class=\"fa fa-star\"><\/span><span class=\"fa fa-star\"><\/span><span class=\"fa fa-star\"><\/span>\t\t\t\t\t\t\t\t\t\t<\/div>\n\t\t\t\t\t\t\t\t\t\n\t\t\t\t\t\t\t\t\t<div class=\"testimonial-main-info\">\n\t\t\t\t\t\t\t\t\t\t<h6 class=\"testimonial-name\">Bayard Vaillancourt<\/h6>\n\n\t\t\t\t\t\t\t\t\t\t\t\t\t\t\t\t\t\t\t\t\t<div\n\t\t\t\t\t\t\t\t\t\t\t\tclass=\"testimonial-by-line\">cr\u00e9ation de sites web<\/div>\n\t\t\t\t\t\t\t\t\t\t\t\t\t\t\t\t\t\t\t<\/div>\n\t\t\t\t\t\t\t\t<\/div>\n\t\t\t\t\t\t\t<\/div>\n\n\t\t\t\t\t\t\t<div class=\"testimonial-content\">\n\t\t\t\t\t\t\t\t<div class=\"testimonial-desc\"><p>\u00ab Nous travaillons avec Dts depuis 5 mois et je suis vraiment satisfait ; des r\u00e9sultats commerciaux tangibles incroyables, un personnel formidable et un excellent travail\u00a0! Cette agence est fortement recommand\u00e9e &quot;<\/p>\n<\/div>\n\t\t\t\t\t\t\t<\/div>\n\t\t\t\t\t\t<\/div>\n\t\t\t\t\t<\/div>\n\n\t\t\t\t\t\t\t\t\t<div class=\"swiper-slide\">\n\t\t\t\t\t\t<div class=\"testimonial-item\">\n\n\t\t\t\t\t\t\t<div class=\"testimonial-info-wrap\">\n\t\t\t\t\t\t\t\t\n\t\t\t\t\t\t\t\t<div class=\"testimonial-info\">\n\t\t\t\t\t\t\t\t\t\t\t\t\t\t\t\t\t\t\t<div class=\"testimonial-rating\">\n\t\t\t\t\t\t\t\t\t\t\t<span class=\"fa fa-star\"><\/span><span class=\"fa fa-star\"><\/span><span class=\"fa fa-star\"><\/span><span class=\"fa fa-star\"><\/span><span class=\"fa fa-star\"><\/span>\t\t\t\t\t\t\t\t\t\t<\/div>\n\t\t\t\t\t\t\t\t\t\n\t\t\t\t\t\t\t\t\t<div class=\"testimonial-main-info\">\n\t\t\t\t\t\t\t\t\t\t<h6 class=\"testimonial-name\">Nicolas Raiwala<\/h6>\n\n\t\t\t\t\t\t\t\t\t\t\t\t\t\t\t\t\t\t\t\t\t<div\n\t\t\t\t\t\t\t\t\t\t\t\tclass=\"testimonial-by-line\">Commercialisation<\/div>\n\t\t\t\t\t\t\t\t\t\t\t\t\t\t\t\t\t\t\t<\/div>\n\t\t\t\t\t\t\t\t<\/div>\n\t\t\t\t\t\t\t<\/div>\n\n\t\t\t\t\t\t\t<div class=\"testimonial-content\">\n\t\t\t\t\t\t\t\t<div class=\"testimonial-desc\"><p>\u00ab Nous sommes une entreprise modeste dans un march\u00e9 trop concurrentiel. Cependant, tout en optant pour une approche plus ax\u00e9e sur la technologie, nous sommes tomb\u00e9s sur DTS PLUS. Et au fur et \u00e0 mesure que notre relation professionnelle se d\u00e9veloppe, je ne peux qu&#039;anticiper le potentiel et le d\u00e9veloppement de l&#039;\u00e9quipe web. Les hommes ont \u00e9t\u00e9 extr\u00eamement gentils avec nous et, malgr\u00e9 notre petite taille, ont d\u00e9montr\u00e9 qu&#039;il existe de nombreuses opportunit\u00e9s de gagner de l&#039;argent dans ce domaine. Nous adoptons une approche professionnelle et syst\u00e9matique pour tout ce qui concerne le r\u00e9f\u00e9rencement\u00a0; appels de rapport mensuels et d\u00e9pannage au besoin.<\/p>\n<\/div>\n\t\t\t\t\t\t\t<\/div>\n\t\t\t\t\t\t<\/div>\n\t\t\t\t\t<\/div>\n\n\t\t\t\t\t\t\t<\/div>\n\t\t<\/div>\n\t<\/div>\n<\/div>\n\t<\/div>\n<div class=\"tm-spacer\" id=\"tm-spacer-69f6849824bcd\"><\/div>\n<\/div><\/div><\/div><\/div><div class=\"vc_row-full-width vc_clearfix\"><\/div>\n<\/section>","protected":false},"excerpt":{"rendered":"\"We're a modest firm in an overly competitive market. However, while opting to take a more technologically focused approach, we came across DTS PLUS. And as our professional relationship develops, I can only anticipate web team potential and development. The mens have been extremely nice to us and, despite our small, have demonstrated that there are numerous opportunities to make money in this field. We take a professional and systematic approach to everything SEO; monthly report calls, and troubleshooting as needed.","protected":false},"author":1,"featured_media":0,"parent":0,"menu_order":0,"comment_status":"closed","ping_status":"closed","template":"","meta":{"inline_featured_image":false,"_joinchat":[],"footnotes":""},"class_list":["post-899","page","type-page","status-publish","hentry","post-no-thumbnail"],"_links":{"self":[{"href":"https:\/\/dtsplus-online.com\/fr\/wp-json\/wp\/v2\/pages\/899","targetHints":{"allow":["GET"]}}],"collection":[{"href":"https:\/\/dtsplus-online.com\/fr\/wp-json\/wp\/v2\/pages"}],"about":[{"href":"https:\/\/dtsplus-online.com\/fr\/wp-json\/wp\/v2\/types\/page"}],"author":[{"embeddable":true,"href":"https:\/\/dtsplus-online.com\/fr\/wp-json\/wp\/v2\/users\/1"}],"replies":[{"embeddable":true,"href":"https:\/\/dtsplus-online.com\/fr\/wp-json\/wp\/v2\/comments?post=899"}],"version-history":[{"count":39,"href":"https:\/\/dtsplus-online.com\/fr\/wp-json\/wp\/v2\/pages\/899\/revisions"}],"predecessor-version":[{"id":4349,"href":"https:\/\/dtsplus-online.com\/fr\/wp-json\/wp\/v2\/pages\/899\/revisions\/4349"}],"wp:attachment":[{"href":"https:\/\/dtsplus-online.com\/fr\/wp-json\/wp\/v2\/media?parent=899"}],"curies":[{"name":"wp","href":"https:\/\/api.w.org\/{rel}","templated":true}]}}