{"id":3762,"date":"2022-12-13T14:51:27","date_gmt":"2022-12-13T14:51:27","guid":{"rendered":"https:\/\/dtsplus-online.com\/portfolio\/"},"modified":"2023-01-02T13:01:47","modified_gmt":"2023-01-02T13:01:47","slug":"portfolio","status":"publish","type":"page","link":"https:\/\/dtsplus-online.com\/fr\/portfolio\/","title":{"rendered":"Portefeuille"},"content":{"rendered":"<section class=\"wpb-content-wrapper\"><div id=\"tm-row-69f684e14cde8\" class=\"vc_row vc_row-outer vc_row-fluid\"><div id=\"tm-column-69f684e14d685\" class=\"wpb_column vc_column_container vc_col-sm-12\"><div class=\"vc_column-inner\"><div class=\"wpb_wrapper\">\n\t<div class=\"wpb_text_column wpb_content_element  tm-animation move-up\" >\n\t\t<div class=\"wpb_wrapper\">\n\t\t\t\n<div class=\"tm-heading modern-02 center tm-animation move-up\" id=\"tm-heading-69f684e14e3a0\">\n\t<h4 class=\"heading\" style=\"\"><mark>Notre agence digitale compl\u00e8te<\/mark> peut faire beaucoup pour vous, et voici quelques-unes de nos r\u00e9alisations.<br \/>\n<\/h4><\/div>\n\n\n\n\t\t<\/div>\n\t<\/div>\n<div class=\"tm-spacer\" id=\"tm-spacer-69f684e14e9e3\"><\/div>\n<\/div><\/div><\/div><\/div><div id=\"tm-row-69f684e14f2a9\" class=\"vc_row vc_row-outer vc_row-fluid\"><div id=\"tm-column-69f684e14f755\" class=\"wpb_column vc_column_container vc_col-sm-12\"><div class=\"vc_column-inner\"><div class=\"wpb_wrapper\"><div class=\"tm-spacer\" id=\"tm-spacer-69f684e14faaa\"><\/div>\n\n<div class=\"tm-heading left-line center tm-animation move-up\" id=\"tm-heading-69f684e14fdbf\">\n\t<p class=\"heading\" style=\"\">Voici quelques r\u00e9alisations li\u00e9es \u00e0 certains <mark>Conception graphique<\/mark> projet r\u00e9alis\u00e9 par notre \u00e9quipe.<\/p><\/div>\n\n<div class=\"tm-spacer\" id=\"tm-spacer-69f684e1503c6\"><\/div>\n<ul class=\"pinterest-container\" data-onclick=\"link_image\" data-itemwidth=\"240\" data-minwidth=\"240\" data-offset=\"4\" data-outeroffset=\"0\" data-id=\"376261\" data-imagesload=\"off\"><li style='list-style:none;display:none'><a href='https:\/\/dtsplus-online.com\/wp-content\/uploads\/2022\/12\/5.png' class='lightbox-link' rel='cq-pinterst-3762'><img src='https:\/\/dtsplus-online.com\/wp-content\/uploads\/2022\/12\/5-240x733.png' width='240' height='733' alt='' \/><\/a><\/li><li style='list-style:none;display:none'><a href='https:\/\/dtsplus-online.com\/wp-content\/uploads\/2022\/12\/4.png' class='lightbox-link' rel='cq-pinterst-3762'><img src='https:\/\/dtsplus-online.com\/wp-content\/uploads\/2022\/12\/4-240x616.png' width='240' height='616' alt='' \/><\/a><\/li><li style='list-style:none;display:none'><a href='https:\/\/dtsplus-online.com\/wp-content\/uploads\/2022\/12\/3.png' class='lightbox-link' rel='cq-pinterst-3762'><img src='https:\/\/dtsplus-online.com\/wp-content\/uploads\/2022\/12\/3-240x486.png' width='240' height='486' alt='' \/><\/a><\/li><\/ul><div class=\"tm-spacer\" id=\"tm-spacer-69f684e1513a8\"><\/div>\n<div class=\"tm-spacer\" id=\"tm-spacer-69f684e151519\"><\/div>\n\n<div class=\"tm-heading left-line center tm-animation move-up\" id=\"tm-heading-69f684e151829\">\n\t<p class=\"heading\" style=\"\">Voici quelques r\u00e9alisations li\u00e9es \u00e0 certains <mark>Projet Internet <\/mark>livr\u00e9 par notre \u00e9quipe<\/p><\/div>\n\n<div class=\"tm-spacer\" id=\"tm-spacer-69f684e151dde\"><\/div>\n<ul class=\"pinterest-container\" data-onclick=\"link_image\" data-itemwidth=\"500\" data-minwidth=\"500\" data-offset=\"4\" data-outeroffset=\"0\" data-id=\"376242\" data-imagesload=\"off\"><li style='list-style:none;display:none'><a href='https:\/\/dtsplus-online.com\/wp-content\/uploads\/2022\/12\/1.png' class='lightbox-link' rel='cq-pinterst-3762'><img src='https:\/\/dtsplus-online.com\/wp-content\/uploads\/2022\/12\/1-500x375.png' width='500' height='375' alt='' \/><\/a><\/li><li style='list-style:none;display:none'><a href='https:\/\/dtsplus-online.com\/wp-content\/uploads\/2022\/12\/2.jpg' class='lightbox-link' rel='cq-pinterst-3762'><img src='https:\/\/dtsplus-online.com\/wp-content\/uploads\/2022\/12\/2-500x356.jpg' width='500' height='356' alt='' \/><\/a><\/li><li style='list-style:none;display:none'><a href='https:\/\/dtsplus-online.com\/wp-content\/uploads\/2022\/12\/FireShot-Capture-004-Accueil-SOS-Auto-A-Domicile-sosautomobileadomicile.ca_.png' class='lightbox-link' rel='cq-pinterst-3762'><img src='https:\/\/dtsplus-online.com\/wp-content\/uploads\/2022\/12\/FireShot-Capture-004-Accueil-SOS-Auto-A-Domicile-sosautomobileadomicile.ca_-500x263.png' width='500' height='263' alt='' \/><\/a><\/li><\/ul><\/div><\/div><\/div><div id=\"tm-column-69f684e152c45\" class=\"wpb_column vc_column_container vc_col-sm-12\"><div class=\"vc_column-inner\"><div class=\"wpb_wrapper\"><\/div><\/div><\/div><\/div>\n<div id=\"tm-row-69f684e1532a2\" data-vc-full-width=\"true\" data-vc-full-width-init=\"false\" class=\"vc_row vc_row-outer vc_row-fluid\"><div id=\"tm-column-69f684e153882\" class=\"wpb_column vc_column_container vc_col-sm-12\"><div class=\"vc_column-inner\"><div class=\"wpb_wrapper\"><div class=\"tm-spacer\" id=\"tm-spacer-69f684e153c6d\"><\/div>\n\n<div class=\"tm-heading modern center tm-animation move-up\" id=\"tm-heading-69f684e153fd9\">\n\t<h6 class=\"heading\" style=\"\">T\u00e9moignages<\/h6><\/div>\n\n<div class=\"tm-spacer\" id=\"tm-spacer-69f684e154707\"><\/div>\n\n<div class=\"tm-heading modern-02 center tm-animation move-up\" id=\"tm-heading-69f684e154a5d\">\n\t<h3 class=\"heading\" style=\"\">Opinions des gens sur notre entreprise<\/h3><\/div>\n\n<div class=\"tm-spacer\" id=\"tm-spacer-69f684e1550dc\"><\/div>\n\t<div class=\"tm-testimonial style-carousel tm-animation move-up\" id=\"tm-testimonial-69f684e1553c0\">\n\t\t\n<div class=\"mitech-swiper tm-swiper equal-height pagination-style-01\"\n\t data-xs-items=\"1\" data-sm-items=\"2\" data-lg-items=\"2\"\n\t data-lg-gutter=\"20\"\n\t data-slides-per-group=\"inherit\"\n\n\t\n\t\n\t\t\tdata-pagination=\"1\"\n\t\n\t\n\t\t\tdata-loop=\"1\"\n\t\n\t data-equal-height=\"1\"\n>\n\t<div class=\"swiper-inner\">\n\t\t<div class=\"swiper-container\">\n\t\t\t<div class=\"swiper-wrapper\">\n\t\t\t\t\t\t\t\t\t<div class=\"swiper-slide\">\n\t\t\t\t\t\t<div class=\"testimonial-item\">\n\n\t\t\t\t\t\t\t<div class=\"testimonial-info-wrap\">\n\t\t\t\t\t\t\t\t\n\t\t\t\t\t\t\t\t<div class=\"testimonial-info\">\n\t\t\t\t\t\t\t\t\t\t\t\t\t\t\t\t\t\t\t<div class=\"testimonial-rating\">\n\t\t\t\t\t\t\t\t\t\t\t<span class=\"fa fa-star\"><\/span><span class=\"fa fa-star\"><\/span><span class=\"fa fa-star\"><\/span><span class=\"fa fa-star\"><\/span><span class=\"fa fa-star\"><\/span>\t\t\t\t\t\t\t\t\t\t<\/div>\n\t\t\t\t\t\t\t\t\t\n\t\t\t\t\t\t\t\t\t<div class=\"testimonial-main-info\">\n\t\t\t\t\t\t\t\t\t\t<h6 class=\"testimonial-name\">Belinda J. Moon<\/h6>\n\n\t\t\t\t\t\t\t\t\t\t\t\t\t\t\t\t\t\t\t\t\t<div\n\t\t\t\t\t\t\t\t\t\t\t\tclass=\"testimonial-by-line\">Le marketing num\u00e9rique<\/div>\n\t\t\t\t\t\t\t\t\t\t\t\t\t\t\t\t\t\t\t<\/div>\n\t\t\t\t\t\t\t\t<\/div>\n\t\t\t\t\t\t\t<\/div>\n\n\t\t\t\t\t\t\t<div class=\"testimonial-content\">\n\t\t\t\t\t\t\t\t<div class=\"testimonial-desc\"><p>\u00ab\u00a0Nous sommes toujours \u00e9tonn\u00e9s de la grande qualit\u00e9 de l&#039;assistance que nous recevons dans tous les aspects de nos campagnes de recherche sponsoris\u00e9es. L&#039;\u00e9quipe est constamment pr\u00eate \u00e0 r\u00e9pondre aux questions, et nous sommes heureux d&#039;annoncer que le travail de DTS a consid\u00e9rablement augment\u00e9 notre retour sur investissement.<\/p>\n<\/div>\n\t\t\t\t\t\t\t<\/div>\n\t\t\t\t\t\t<\/div>\n\t\t\t\t\t<\/div>\n\n\t\t\t\t\t\t\t\t\t<div class=\"swiper-slide\">\n\t\t\t\t\t\t<div class=\"testimonial-item\">\n\n\t\t\t\t\t\t\t<div class=\"testimonial-info-wrap\">\n\t\t\t\t\t\t\t\t\n\t\t\t\t\t\t\t\t<div class=\"testimonial-info\">\n\t\t\t\t\t\t\t\t\t\t\t\t\t\t\t\t\t\t\t<div class=\"testimonial-rating\">\n\t\t\t\t\t\t\t\t\t\t\t<span class=\"fa fa-star\"><\/span><span class=\"fa fa-star\"><\/span><span class=\"fa fa-star\"><\/span><span class=\"fa fa-star\"><\/span><span class=\"far fa-star\"><\/span>\t\t\t\t\t\t\t\t\t\t<\/div>\n\t\t\t\t\t\t\t\t\t\n\t\t\t\t\t\t\t\t\t<div class=\"testimonial-main-info\">\n\t\t\t\t\t\t\t\t\t\t<h6 class=\"testimonial-name\">Clarice Rivard<\/h6>\n\n\t\t\t\t\t\t\t\t\t\t\t\t\t\t\t\t\t\t\t\t\t<div\n\t\t\t\t\t\t\t\t\t\t\t\tclass=\"testimonial-by-line\">Le marketing num\u00e9rique<\/div>\n\t\t\t\t\t\t\t\t\t\t\t\t\t\t\t\t\t\t\t<\/div>\n\t\t\t\t\t\t\t\t<\/div>\n\t\t\t\t\t\t\t<\/div>\n\n\t\t\t\t\t\t\t<div class=\"testimonial-content\">\n\t\t\t\t\t\t\t\t<div class=\"testimonial-desc\"><p>&quot;Travailler avec DTS sur une nouvelle entreprise a \u00e9t\u00e9 une exp\u00e9rience particuli\u00e8re, de la conception du site au r\u00e9f\u00e9rencement et de nombreux conseils tout au long de la route sur d&#039;autres domaines tels que le PPC.<br \/> J&#039;en ai d\u00e9j\u00e0 parl\u00e9 \u00e0 d&#039;autres.<br \/> Nous assistons \u00e0 une augmentation constante de la recherche organique apr\u00e8s un d\u00e9marrage lent l&#039;ann\u00e9e derni\u00e8re.\u00a0\u00bb<\/p>\n<\/div>\n\t\t\t\t\t\t\t<\/div>\n\t\t\t\t\t\t<\/div>\n\t\t\t\t\t<\/div>\n\n\t\t\t\t\t\t\t\t\t<div class=\"swiper-slide\">\n\t\t\t\t\t\t<div class=\"testimonial-item\">\n\n\t\t\t\t\t\t\t<div class=\"testimonial-info-wrap\">\n\t\t\t\t\t\t\t\t\n\t\t\t\t\t\t\t\t<div class=\"testimonial-info\">\n\t\t\t\t\t\t\t\t\t\t\t\t\t\t\t\t\t\t\t<div class=\"testimonial-rating\">\n\t\t\t\t\t\t\t\t\t\t\t<span class=\"fa fa-star\"><\/span><span class=\"fa fa-star\"><\/span><span class=\"fa fa-star\"><\/span><span class=\"fa fa-star\"><\/span><span class=\"fa fa-star\"><\/span>\t\t\t\t\t\t\t\t\t\t<\/div>\n\t\t\t\t\t\t\t\t\t\n\t\t\t\t\t\t\t\t\t<div class=\"testimonial-main-info\">\n\t\t\t\t\t\t\t\t\t\t<h6 class=\"testimonial-name\">Bayard Vaillancourt<\/h6>\n\n\t\t\t\t\t\t\t\t\t\t\t\t\t\t\t\t\t\t\t\t\t<div\n\t\t\t\t\t\t\t\t\t\t\t\tclass=\"testimonial-by-line\">cr\u00e9ation de sites web<\/div>\n\t\t\t\t\t\t\t\t\t\t\t\t\t\t\t\t\t\t\t<\/div>\n\t\t\t\t\t\t\t\t<\/div>\n\t\t\t\t\t\t\t<\/div>\n\n\t\t\t\t\t\t\t<div class=\"testimonial-content\">\n\t\t\t\t\t\t\t\t<div class=\"testimonial-desc\"><p>\u00ab Nous travaillons avec Dts depuis 5 mois et je suis vraiment satisfait ; des r\u00e9sultats commerciaux tangibles incroyables, un personnel formidable et un excellent travail\u00a0! Cette agence est fortement recommand\u00e9e &quot;<\/p>\n<\/div>\n\t\t\t\t\t\t\t<\/div>\n\t\t\t\t\t\t<\/div>\n\t\t\t\t\t<\/div>\n\n\t\t\t\t\t\t\t\t\t<div class=\"swiper-slide\">\n\t\t\t\t\t\t<div class=\"testimonial-item\">\n\n\t\t\t\t\t\t\t<div class=\"testimonial-info-wrap\">\n\t\t\t\t\t\t\t\t\n\t\t\t\t\t\t\t\t<div class=\"testimonial-info\">\n\t\t\t\t\t\t\t\t\t\t\t\t\t\t\t\t\t\t\t<div class=\"testimonial-rating\">\n\t\t\t\t\t\t\t\t\t\t\t<span class=\"fa fa-star\"><\/span><span class=\"fa fa-star\"><\/span><span class=\"fa fa-star\"><\/span><span class=\"fa fa-star\"><\/span><span class=\"fa fa-star\"><\/span>\t\t\t\t\t\t\t\t\t\t<\/div>\n\t\t\t\t\t\t\t\t\t\n\t\t\t\t\t\t\t\t\t<div class=\"testimonial-main-info\">\n\t\t\t\t\t\t\t\t\t\t<h6 class=\"testimonial-name\">Nicolas Raiwala<\/h6>\n\n\t\t\t\t\t\t\t\t\t\t\t\t\t\t\t\t\t\t\t\t\t<div\n\t\t\t\t\t\t\t\t\t\t\t\tclass=\"testimonial-by-line\">Commercialisation<\/div>\n\t\t\t\t\t\t\t\t\t\t\t\t\t\t\t\t\t\t\t<\/div>\n\t\t\t\t\t\t\t\t<\/div>\n\t\t\t\t\t\t\t<\/div>\n\n\t\t\t\t\t\t\t<div class=\"testimonial-content\">\n\t\t\t\t\t\t\t\t<div class=\"testimonial-desc\"><p>\u00ab Nous sommes une entreprise modeste dans un march\u00e9 trop concurrentiel. Cependant, tout en optant pour une approche plus ax\u00e9e sur la technologie, nous sommes tomb\u00e9s sur DTS PLUS. Et au fur et \u00e0 mesure que notre relation professionnelle se d\u00e9veloppe, je ne peux qu&#039;anticiper le potentiel et le d\u00e9veloppement de l&#039;\u00e9quipe web. Les hommes ont \u00e9t\u00e9 extr\u00eamement gentils avec nous et, malgr\u00e9 notre petite taille, ont d\u00e9montr\u00e9 qu&#039;il existe de nombreuses opportunit\u00e9s de gagner de l&#039;argent dans ce domaine. Nous adoptons une approche professionnelle et syst\u00e9matique pour tout ce qui concerne le r\u00e9f\u00e9rencement\u00a0; appels de rapport mensuels et d\u00e9pannage au besoin.<\/p>\n<\/div>\n\t\t\t\t\t\t\t<\/div>\n\t\t\t\t\t\t<\/div>\n\t\t\t\t\t<\/div>\n\n\t\t\t\t\t\t\t<\/div>\n\t\t<\/div>\n\t<\/div>\n<\/div>\n\t<\/div>\n<div class=\"tm-spacer\" id=\"tm-spacer-69f684e157dd9\"><\/div>\n<\/div><\/div><\/div><\/div><div class=\"vc_row-full-width vc_clearfix\"><\/div>\n<\/section>","protected":false},"excerpt":{"rendered":"\"We're a modest firm in an overly competitive market. However, while opting to take a more technologically focused approach, we came across DTS PLUS. And as our professional relationship develops, I can only anticipate web team potential and development. The mens have been extremely nice to us and, despite our small, have demonstrated that there are numerous opportunities to make money in this field. We take a professional and systematic approach to everything SEO; monthly report calls, and troubleshooting as needed.","protected":false},"author":1,"featured_media":0,"parent":0,"menu_order":0,"comment_status":"closed","ping_status":"closed","template":"","meta":{"inline_featured_image":false,"_joinchat":[],"footnotes":""},"class_list":["post-3762","page","type-page","status-publish","hentry","post-no-thumbnail"],"_links":{"self":[{"href":"https:\/\/dtsplus-online.com\/fr\/wp-json\/wp\/v2\/pages\/3762","targetHints":{"allow":["GET"]}}],"collection":[{"href":"https:\/\/dtsplus-online.com\/fr\/wp-json\/wp\/v2\/pages"}],"about":[{"href":"https:\/\/dtsplus-online.com\/fr\/wp-json\/wp\/v2\/types\/page"}],"author":[{"embeddable":true,"href":"https:\/\/dtsplus-online.com\/fr\/wp-json\/wp\/v2\/users\/1"}],"replies":[{"embeddable":true,"href":"https:\/\/dtsplus-online.com\/fr\/wp-json\/wp\/v2\/comments?post=3762"}],"version-history":[{"count":45,"href":"https:\/\/dtsplus-online.com\/fr\/wp-json\/wp\/v2\/pages\/3762\/revisions"}],"predecessor-version":[{"id":4236,"href":"https:\/\/dtsplus-online.com\/fr\/wp-json\/wp\/v2\/pages\/3762\/revisions\/4236"}],"wp:attachment":[{"href":"https:\/\/dtsplus-online.com\/fr\/wp-json\/wp\/v2\/media?parent=3762"}],"curies":[{"name":"wp","href":"https:\/\/api.w.org\/{rel}","templated":true}]}}