{"id":2880,"date":"2022-10-23T16:34:31","date_gmt":"2022-10-23T15:34:31","guid":{"rendered":"https:\/\/dtsplus-online.com\/?page_id=2880"},"modified":"2024-06-05T16:56:13","modified_gmt":"2024-06-05T15:56:13","slug":"privacy-policy","status":"publish","type":"page","link":"https:\/\/dtsplus-online.com\/fr\/privacy-policy\/","title":{"rendered":"Politique de confidentialit\u00e9"},"content":{"rendered":"<section class=\"wpb-content-wrapper\"><div id=\"tm-row-69f684a14ba29\" class=\"vc_row vc_row-outer vc_row-fluid\"><div id=\"tm-column-69f684a14c102\" class=\"wpb_column vc_column_container vc_col-sm-12\"><div class=\"vc_column-inner\"><div class=\"wpb_wrapper\">\n<div class=\"tm-heading modern center tm-animation move-up\" id=\"tm-heading-69f684a14c6d9\">\n\t<h3 class=\"heading\" style=\"\">Derni\u00e8re mise \u00e0 jour le 23 octobre 2022<\/h3><\/div>\n\n<div class=\"tm-spacer\" id=\"tm-spacer-69f684a14cce8\"><\/div>\n\n<div class=\"tm-heading left-line center tm-animation move-up\" id=\"tm-heading-69f684a14cf93\">\n\t<h3 class=\"heading\" style=\"\">Politique de confidentialit\u00e9<\/h3><\/div>\n\n<div class=\"tm-spacer\" id=\"tm-spacer-69f684a14d471\"><\/div>\n<div id=\"tm-row-inner-69f684a14d8c5\" class=\"vc_row vc_inner vc_row-fluid\"><div id=\"tm-column-inner-69f684a14df28\" class=\"wpb_column vc_column_container vc_col-sm-12 vc_col-md-6\"><div class=\"vc_column-inner\"><div class=\"wpb_wrapper\"><div class=\"tm-accordion style-01 tm-animation move-up\" id=\"tm-accordion-69f684a14e31e\"\n\tdata-multi-open=\"1\">\n\t\n\t\t<div class=\"accordion-section\">\n\t\t\t\t\t\t\t<div class=\"accordion-title-wrapper\">\n\t\t\t\t\t<h6 class=\"accordion-title\">INFORMATION L\u00c9GALE<span\n\t\t\t\t\t\t\tclass=\"accordion-icon\"><\/span><\/h6>\n\t\t\t\t<\/div>\n\t\t\t\t\t\t<div class=\"accordion-content\"\n\t\t\t\t\t\t\t>\n\t\t\t\t\t\t\t\t\tAux termes de l&#039;article 6 de la loi n\u00b0 2004-575 du 21 juin 2004 pour la confiance dans l&#039;\u00e9conomie num\u00e9rique, cet article pr\u00e9cise l&#039;identit\u00e9 des diff\u00e9rents acteurs dans le cadre de sa mise en \u0153uvre et de son suivi. .<br>\n\nThe website www.dtsplus-online.com is edited by:\nCompany Name: DTS PLUS LTD\nCompany Number: 14408767\nwww.dtsplus-online.com, whose registered office adress is located at the following address: 61 BRIDGE STREET KINGTON UNITED KINGDOM\n\nPhone: +44 7458 114877 \/ Email address: contact@dtsplus-online.com\nThe publication director of the site is: Mr David Laurier.\t\t\t\t\t\t\t<\/div>\n\t\t<\/div>\n\t\t\n\t\t<div class=\"accordion-section\">\n\t\t\t\t\t\t\t<div class=\"accordion-title-wrapper\">\n\t\t\t\t\t<h6 class=\"accordion-title\">PRESENTATION DU SITE<span\n\t\t\t\t\t\t\tclass=\"accordion-icon\"><\/span><\/h6>\n\t\t\t\t<\/div>\n\t\t\t\t\t\t<div class=\"accordion-content\"\n\t\t\t\t\t\t\t>\n\t\t\t\t\t\t\t\t\tLe site www.dtsplus-online.com a pour objet : Services num\u00e9riques 360 et assistance \u00e0 la s\u00e9curit\u00e9.\t\t\t\t\t\t\t<\/div>\n\t\t<\/div>\n\t\t\n\t\t<div class=\"accordion-section\">\n\t\t\t\t\t\t\t<div class=\"accordion-title-wrapper\">\n\t\t\t\t\t<h6 class=\"accordion-title\">CONTACTEZ<span\n\t\t\t\t\t\t\tclass=\"accordion-icon\"><\/span><\/h6>\n\t\t\t\t<\/div>\n\t\t\t\t\t\t<div class=\"accordion-content\"\n\t\t\t\t\t\t\t>\n\t\t\t\t\t\t\t\t\tPour toute question ou demande d&#039;information concernant le site, ou tout signalement de contenus ou d&#039;activit\u00e9s illicites, l&#039;utilisateur peut contacter l&#039;\u00e9diteur \u00e0 l&#039;adresse e-mail suivante : contact@dtsplus-online.com ou envoyer un courrier recommand\u00e9 avec accus\u00e9 de r\u00e9ception \u00e0 : DTSPLUS SERVICES LTD\n<br>KEMP HOUSE 160 CITY ROAD, LONDRES, EC1V 2NX.\n\n\n\n\t\t\t\t\t\t\t<\/div>\n\t\t<\/div>\n\t\t\n\t\t<div class=\"accordion-section\">\n\t\t\t\t\t\t\t<div class=\"accordion-title-wrapper\">\n\t\t\t\t\t<h6 class=\"accordion-title\">ACCEPTATION DES CONDITIONS D&#039;UTILISATION<span\n\t\t\t\t\t\t\tclass=\"accordion-icon\"><\/span><\/h6>\n\t\t\t\t<\/div>\n\t\t\t\t\t\t<div class=\"accordion-content\"\n\t\t\t\t\t\t\t>\n\t\t\t\t\t\t\t\t\tL&#039;acc\u00e8s et l&#039;utilisation du site sont subordonn\u00e9s \u00e0 l&#039;acceptation et au respect des pr\u00e9sentes Conditions G\u00e9n\u00e9rales d&#039;Utilisation. L&#039;\u00e9diteur se r\u00e9serve le droit de modifier, \u00e0 tout moment et sans pr\u00e9avis, le site et les services ainsi que les pr\u00e9sentes CGU, notamment pour s&#039;adapter aux \u00e9volutions du site en apportant de nouvelles fonctionnalit\u00e9s ou en supprimant ou modifiant des fonctionnalit\u00e9s existantes. Il convient donc \u00e0 l&#039;utilisateur de se r\u00e9f\u00e9rer avant toute navigation \u00e0 la derni\u00e8re version des CGU, accessible \u00e0 tout moment sur le site. En cas de d\u00e9saccord avec les CGU, aucune utilisation du site ne pourra \u00eatre faite par l&#039;utilisateur.\n\n\t\t\t\t\t\t\t<\/div>\n\t\t<\/div>\n\t\t\n\t\t<div class=\"accordion-section\">\n\t\t\t\t\t\t\t<div class=\"accordion-title-wrapper\">\n\t\t\t\t\t<h6 class=\"accordion-title\">ACC\u00c8S ET NAVIGATION<span\n\t\t\t\t\t\t\tclass=\"accordion-icon\"><\/span><\/h6>\n\t\t\t\t<\/div>\n\t\t\t\t\t\t<div class=\"accordion-content\"\n\t\t\t\t\t\t\t>\n\t\t\t\t\t\t\t\t\tL&#039;\u00e9diteur met en \u0153uvre les solutions techniques dont il dispose pour permettre un acc\u00e8s au site 24h\/24 et 7j\/7. Il peut n\u00e9anmoins \u00e0 tout moment suspendre, limiter ou interrompre l&#039;acc\u00e8s au site ou \u00e0 certaines pages de celui-ci afin d&#039;effectuer des mises \u00e0 jour, des modifications de son contenu ou toute autre action jug\u00e9e n\u00e9cessaire au bon fonctionnement du site.<br>\nLa connexion et la navigation sur le site www.dtsplus-online.com vaut acceptation sans r\u00e9serve des pr\u00e9sentes Conditions G\u00e9n\u00e9rales d&#039;Utilisation, quels que soient les moyens techniques d&#039;acc\u00e8s et les terminaux utilis\u00e9s.<br>\n\nCes CGU s&#039;appliquent, en tant que de besoin, \u00e0 toute d\u00e9clinaison ou extension du site sur les r\u00e9seaux sociaux et\/ou communautaires existants ou \u00e0 venir.\t\t\t\t\t\t\t<\/div>\n\t\t<\/div>\n\t\t\n\t\t<div class=\"accordion-section\">\n\t\t\t\t\t\t\t<div class=\"accordion-title-wrapper\">\n\t\t\t\t\t<h6 class=\"accordion-title\">ADMINISTRATION DU SITE<span\n\t\t\t\t\t\t\tclass=\"accordion-icon\"><\/span><\/h6>\n\t\t\t\t<\/div>\n\t\t\t\t\t\t<div class=\"accordion-content\"\n\t\t\t\t\t\t\t>\n\t\t\t\t\t\t\t\t\tPour la bonne gestion du site, l&#039;\u00e9diteur peut \u00e0 tout moment : Suspendre, interrompre ou limiter l&#039;acc\u00e8s \u00e0 tout ou partie du site, r\u00e9server l&#039;acc\u00e8s au site, ou \u00e0 certaines parties du site, \u00e0 une cat\u00e9gorie d\u00e9termin\u00e9e d&#039;internautes<br>\n\nSupprimer toute information qui pourrait perturber son fonctionnement ou contrevenir aux lois nationales ou internationales, ou aux r\u00e8gles de la Netiquette<br>\n\nSuspendre le site afin de faire des mises \u00e0 jour.<br>\t\t\t\t\t\t\t<\/div>\n\t\t<\/div>\n\t\t<\/div>\n<\/div><\/div><\/div><div id=\"tm-column-inner-69f684a14e684\" class=\"wpb_column vc_column_container vc_col-sm-12 vc_col-md-6\"><div class=\"vc_column-inner\"><div class=\"wpb_wrapper\"><div class=\"tm-accordion style-01 tm-animation move-up\" id=\"tm-accordion-69f684a14ea2b\"\n\tdata-multi-open=\"1\">\n\t\n\t\t<div class=\"accordion-section\">\n\t\t\t\t\t\t\t<div class=\"accordion-title-wrapper\">\n\t\t\t\t\t<h6 class=\"accordion-title\">ENREGISTREMENT<span\n\t\t\t\t\t\t\tclass=\"accordion-icon\"><\/span><\/h6>\n\t\t\t\t<\/div>\n\t\t\t\t\t\t<div class=\"accordion-content\"\n\t\t\t\t\t\t\t>\n\t\t\t\t\t\t\t\t\tL&#039;acc\u00e8s \u00e0 certains services, et notamment \u00e0 tous les services payants, est subordonn\u00e9 \u00e0 l&#039;inscription de l&#039;utilisateur.<br>\nL&#039;inscription et l&#039;acc\u00e8s aux services du site sont r\u00e9serv\u00e9s exclusivement aux personnes physiques capables, ayant rempli et valid\u00e9 le formulaire d&#039;inscription disponible en ligne sur le site www.dtsplus-online.com, ainsi que les pr\u00e9sentes Conditions G\u00e9n\u00e9rales d&#039;Utilisation.<br>\nLors de son inscription, l&#039;utilisateur s&#039;engage \u00e0 fournir des informations exactes, sinc\u00e8res et \u00e0 jour sur sa personne et son \u00e9tat civil. L&#039;utilisateur doit \u00e9galement v\u00e9rifier r\u00e9guli\u00e8rement les donn\u00e9es le concernant afin d&#039;en maintenir l&#039;exactitude.<br>\nL&#039;utilisateur doit donc imp\u00e9rativement fournir une adresse e-mail valide, sur laquelle le site lui enverra une confirmation de son inscription \u00e0 ses services. Une adresse e-mail ne peut pas \u00eatre utilis\u00e9e plus d&#039;une fois pour s&#039;inscrire aux services.<br>\nToute communication effectu\u00e9e par www.dtsplus-online.com et ses partenaires est donc r\u00e9put\u00e9e re\u00e7ue et lue par l&#039;utilisateur.<br> Ce dernier s&#039;engage donc \u00e0 consulter r\u00e9guli\u00e8rement les messages re\u00e7us sur cette adresse e-mail et \u00e0 r\u00e9pondre dans un d\u00e9lai raisonnable si n\u00e9cessaire.<br>\nUne seule inscription aux services du site est autoris\u00e9e par personne physique.<br>\nL&#039;utilisateur se voit attribuer un identifiant lui permettant d&#039;acc\u00e9der \u00e0 un espace dont l&#039;acc\u00e8s lui est r\u00e9serv\u00e9 (ci-apr\u00e8s \u00ab Espace Personnel \u00bb), en compl\u00e9ment de la saisie de son mot de passe.<br>\nL&#039;identifiant et le mot de passe sont modifiables en ligne par l&#039;utilisateur dans son espace personnel.<br> Le mot de passe est personnel et confidentiel, l&#039;utilisateur s&#039;engage donc \u00e0 ne pas le communiquer \u00e0 des tiers.<br>\n\nwww.dtsplus-online.com se r\u00e9serve en tout \u00e9tat de cause la possibilit\u00e9 de refuser une demande d&#039;inscription aux services en cas de non-respect par l&#039;utilisateur des dispositions des pr\u00e9sentes Conditions G\u00e9n\u00e9rales d&#039;Utilisation.\t\t\t\t\t\t\t<\/div>\n\t\t<\/div>\n\t\t\n\t\t<div class=\"accordion-section\">\n\t\t\t\t\t\t\t<div class=\"accordion-title-wrapper\">\n\t\t\t\t\t<h6 class=\"accordion-title\">SE D\u00c9SABONNER<span\n\t\t\t\t\t\t\tclass=\"accordion-icon\"><\/span><\/h6>\n\t\t\t\t<\/div>\n\t\t\t\t\t\t<div class=\"accordion-content\"\n\t\t\t\t\t\t\t>\n\t\t\t\t\t\t\t\t\tL&#039;utilisateur r\u00e9guli\u00e8rement inscrit peut \u00e0 tout moment demander \u00e0 se d\u00e9sinscrire en se rendant sur la page d\u00e9di\u00e9e de son Espace Personnel. <br>Toute d\u00e9sinscription du site sera effective imm\u00e9diatement apr\u00e8s que l&#039;utilisateur aura rempli le formulaire pr\u00e9vu \u00e0 cet effet.\n\n\t\t\t\t\t\t\t<\/div>\n\t\t<\/div>\n\t\t\n\t\t<div class=\"accordion-section\">\n\t\t\t\t\t\t\t<div class=\"accordion-title-wrapper\">\n\t\t\t\t\t<h6 class=\"accordion-title\">RESPONSABILIT\u00c9S<span\n\t\t\t\t\t\t\tclass=\"accordion-icon\"><\/span><\/h6>\n\t\t\t\t<\/div>\n\t\t\t\t\t\t<div class=\"accordion-content\"\n\t\t\t\t\t\t\t>\n\t\t\t\t\t\t\t\t\tL&#039;\u00e9diteur est seul responsable du contenu qu&#039;il a \u00e9dit\u00e9 lui-m\u00eame.<br>\nL&#039;\u00e9diteur n&#039;est pas responsable<br>\nEn cas de probl\u00e8mes ou de d\u00e9faillances techniques, informatiques ou de compatibilit\u00e9 du site avec un mat\u00e9riel ou un logiciel quelconque.<br>\nDommages directs ou indirects, mat\u00e9riels ou immat\u00e9riels, pr\u00e9visibles ou impr\u00e9visibles r\u00e9sultant de l&#039;utilisation ou des difficult\u00e9s d&#039;utilisation du site ou de ses services.<br>\nCaract\u00e9ristiques intrins\u00e8ques d&#039;Internet, notamment celles relatives au manque de fiabilit\u00e9 et au manque de s\u00e9curit\u00e9 des informations qui y circulent.<br>\nContenus ou activit\u00e9s illicites utilisant son site sans qu&#039;il en ait d\u00fbment pris connaissance au sens de la loi n\u00b0 2004-575 du 21 juin 2004 pour la confiance dans l&#039;\u00e9conomie num\u00e9rique et de la loi n\u00b0 2004-801 du 6 ao\u00fbt 2004 relative \u00e0 la protection des personnes \u00e0 l&#039;\u00e9gard du traitement des donn\u00e9es \u00e0 caract\u00e8re personnel.<br>\nPar ailleurs, le site ne peut garantir l&#039;exactitude, la compl\u00e9tude et l&#039;actualit\u00e9 des informations qui y sont diffus\u00e9es.<br>\nL&#039;utilisateur est responsable<br>\nLa protection de ses \u00e9quipements et de ses donn\u00e9es.<br>\n<br>L&#039;utilisation qu&#039;il fait du site ou de ses services.\n<br>S&#039;il ne respecte ni la lettre ni l&#039;esprit des pr\u00e9sentes CGU.\t\t\t\t\t\t\t<\/div>\n\t\t<\/div>\n\t\t\n\t\t<div class=\"accordion-section\">\n\t\t\t\t\t\t\t<div class=\"accordion-title-wrapper\">\n\t\t\t\t\t<h6 class=\"accordion-title\">LIENS HYPERTEXTES<span\n\t\t\t\t\t\t\tclass=\"accordion-icon\"><\/span><\/h6>\n\t\t\t\t<\/div>\n\t\t\t\t\t\t<div class=\"accordion-content\"\n\t\t\t\t\t\t\t>\n\t\t\t\t\t\t\t\t\tLe site peut contenir des liens hypertextes pointant vers d&#039;autres sites internet sur lesquels www.dtsplus-online.com n&#039;a aucun contr\u00f4le. Malgr\u00e9 les v\u00e9rifications pr\u00e9alables et r\u00e9guli\u00e8res effectu\u00e9es par l&#039;\u00e9diteur, ce dernier d\u00e9cline toute responsabilit\u00e9 quant au contenu pouvant se trouver sur ces sites.<br>\nL&#039;\u00e9diteur autorise la mise en place de liens hypertextes vers toute page ou document de son site sous r\u00e9serve que la mise en place de ces liens ne soit pas r\u00e9alis\u00e9e \u00e0 des fins commerciales ou publicitaires.\n<br>Par ailleurs, l&#039;information pr\u00e9alable de l&#039;\u00e9diteur du site est n\u00e9cessaire avant la mise en place de tout lien hypertexte.<br>\nSont exclus de cette autorisation les sites diffusant des informations \u00e0 caract\u00e8re illicite, violent, pol\u00e9mique, pornographique, x\u00e9nophobe ou pouvant porter atteinte \u00e0 la sensibilit\u00e9 du plus grand nombre.\n<br>Enfin, www.dtsplus-online.com se r\u00e9serve le droit de faire supprimer \u00e0 tout moment un lien hypertexte pointant vers son site, si le site l&#039;estime non conforme \u00e0 sa politique \u00e9ditoriale.\t\t\t\t\t\t\t<\/div>\n\t\t<\/div>\n\t\t\n\t\t<div class=\"accordion-section\">\n\t\t\t\t\t\t\t<div class=\"accordion-title-wrapper\">\n\t\t\t\t\t<h6 class=\"accordion-title\">CONFIDENTIALIT\u00c9<span\n\t\t\t\t\t\t\tclass=\"accordion-icon\"><\/span><\/h6>\n\t\t\t\t<\/div>\n\t\t\t\t\t\t<div class=\"accordion-content\"\n\t\t\t\t\t\t\t>\n\t\t\t\t\t\t\t\t\tL&#039;\u00e9diteur du site informe l&#039;utilisateur que dans le cadre de sa navigation sur le site, ses donn\u00e9es personnelles ne sont ni trait\u00e9es ni collect\u00e9es. Ainsi, l&#039;\u00e9diteur d\u00e9clare ne collecter ni traiter aucune information permettant d&#039;identifier l&#039;utilisateur.\t\t\t\t\t\t\t<\/div>\n\t\t<\/div>\n\t\t\n\t\t<div class=\"accordion-section\">\n\t\t\t\t\t\t\t<div class=\"accordion-title-wrapper\">\n\t\t\t\t\t<h6 class=\"accordion-title\">PROPRI\u00c9T\u00c9 INTELLECTUELLE<span\n\t\t\t\t\t\t\tclass=\"accordion-icon\"><\/span><\/h6>\n\t\t\t\t<\/div>\n\t\t\t\t\t\t<div class=\"accordion-content\"\n\t\t\t\t\t\t\t>\n\t\t\t\t\t\t\t\t\tLa structure du site mais \u00e9galement les textes, graphismes, images, photographies, sons, vid\u00e9os et applications informatiques qui le composent sont la propri\u00e9t\u00e9 de l&#039;\u00e9diteur et sont prot\u00e9g\u00e9s \u00e0 ce titre par les lois en vigueur au titre de la propri\u00e9t\u00e9 intellectuelle.<br>\n\nToute repr\u00e9sentation, reproduction, adaptation ou exploitation partielle ou totale du contenu, des marques d\u00e9pos\u00e9es et des services propos\u00e9s par le site, par quelque proc\u00e9d\u00e9 que ce soit, sans l&#039;autorisation pr\u00e9alable, expresse et \u00e9crite de l&#039;\u00e9diteur, est strictement interdite et serait susceptible de constituer une contrefa\u00e7on au sens des articles L. 335-2 et suivants du Code de la propri\u00e9t\u00e9 intellectuelle. <br>Et ce, \u00e0 l&#039;exception des \u00e9l\u00e9ments express\u00e9ment d\u00e9sign\u00e9s comme libres de droits sur le site.\n<br>\nL&#039;acc\u00e8s au site ne vaut pas reconnaissance d&#039;un droit et, de mani\u00e8re g\u00e9n\u00e9rale, ne conf\u00e8re aucun droit de propri\u00e9t\u00e9 intellectuelle relatif \u00e0 un \u00e9l\u00e9ment du site, qui reste la propri\u00e9t\u00e9 exclusive de l&#039;\u00e9diteur.\n<br>\nL&#039;utilisateur s&#039;interdit de saisir sur le site des donn\u00e9es qui en modifieraient ou seraient susceptibles d&#039;en modifier le contenu ou l&#039;apparence.\t\t\t\t\t\t\t<\/div>\n\t\t<\/div>\n\t\t\n\t\t<div class=\"accordion-section\">\n\t\t\t\t\t\t\t<div class=\"accordion-title-wrapper\">\n\t\t\t\t\t<h6 class=\"accordion-title\">LOI APPLICABLE ET JURIDICTION<span\n\t\t\t\t\t\t\tclass=\"accordion-icon\"><\/span><\/h6>\n\t\t\t\t<\/div>\n\t\t\t\t\t\t<div class=\"accordion-content\"\n\t\t\t\t\t\t\t>\n\t\t\t\t\t\t\t\t\tLes pr\u00e9sentes Conditions G\u00e9n\u00e9rales d&#039;Utilisation sont r\u00e9gies par le droit anglais.<br> En cas de litige et \u00e0 d\u00e9faut d&#039;accord amiable, le litige sera port\u00e9 devant les tribunaux anglais conform\u00e9ment aux r\u00e8gles de comp\u00e9tence en vigueur.\n<br>\nLe site www.dtsplus-online.com vous souhaite une excellente navigation !\t\t\t\t\t\t\t<\/div>\n\t\t<\/div>\n\t\t<\/div>\n<\/div><\/div><\/div><\/div><\/div><\/div><\/div><\/div>\n<\/section>","protected":false},"excerpt":{"rendered":"Last updated on Octobre 23, 2022 Privacy Policy LEGAL INFORMATION Under Article 6 of Law No. 2004-575 of June 21, 2004 on confidence in the digital economy, this article specifies the identity of the various stakeholders in the context of its implementation and monitoring. . The website www.dtsplus-online.com is edited by: Company Name: DTS PLUS LTD Company Number: 14408767 www.dtsplus-online.com, whose registered office adress is located at the following address: 61 BRIDGE STREET KINGTON UNITED KINGDOM Phone: +44 7458 114877 \/ Email address: contact@dtsplus-online.com The publication director of the site is: Mr David Laurier. PRESENTATION OF THE SITE The purpose of the www.dtsplus-online.com website is: 360 Digital services and security assistance. CONTACT For any question or request for information concerning the site, or any report of illegal content or activities, the user may contact the publisher at the following e-mail address: contact@dtsplus-online.com or send a registered mail with acknowledgment of receipt to: DTSPLUS SERVICES LTD KEMP HOUSE 160 CITY ROAD, LONDON,EC1V 2NX. ACCEPTANCE OF THE TERMS OF USE Access to and use of the site are subject to acceptance and compliance with these General Terms and Conditions of Use. The publisher reserves the right to modify, at any time and without notice, the site and services as well as these T&amp;Cs, in particular to adapt to changes to the site by providing new functionalities or deleting or modification of existing functionalities. It is therefore advisable for the user to refer before any navigation to the latest version of the T&amp;Cs, accessible at any time on the site. In case of disagreement with the T&amp;Cs, no use of the site can be made by the user. ACCESS AND NAVIGATION The publisher implements the technical solutions at its disposal to allow access to the site 24 hours a day, 7 days a week. It may nevertheless at any time suspend, limit or interrupt access to the site or to certain pages of this one in order to carry out updates, modifications of its content or any other action deemed necessary for the proper functioning of the site. Connecting to and browsing the www.dtsplus-online.com site constitutes unreserved acceptance of these General Terms and Conditions of Use, regardless of the technical means of access and the terminals used. These T&amp;Cs apply, as necessary, to any variation or extension of the site on existing or future social and\/or community networks. SITE MANAGEMENT For the proper management of the site, the publisher may at any time: Suspend, interrupt or limit access to all or part of the site, reserve access to the site, or to certain parts of the site, to a specific category of Internet user Delete any information that could disrupt its operation or contravene national or international laws, or the rules of Netiquette Suspend the site in order to make updates. REGISTRATION Access to certain services, and in particular to all paid services, is subject to the user's registration. Registration and access to the services of the site are reserved exclusively for capable natural persons, having completed and validated the registration form available online on the site www.dtsplus-online.com, as well as these General Conditions of Use. When registering, the user undertakes to provide accurate, sincere and up-to-date information on his person and his marital status. The user must also regularly check the data concerning him in order to maintain its accuracy. The user must therefore imperatively provide a valid e-mail address, on which the site will send him a confirmation of his registration for his services. An e-mail address cannot be used more than once to register for the services. Any communication made by www.dtsplus-online.com and its partners is therefore deemed to have been received and read by the user. The latter therefore undertakes to regularly consult the messages received on this e-mail address and to respond within a reasonable time if necessary. Only one registration for the services of the site is allowed per natural person. The user is assigned an identifier allowing him to access a space whose access is reserved for him (hereinafter \u201cPersonal Space\u201d), in addition to entering his password. The username and password can be modified online by the user in his personal space. The password is personal and confidential, the user thus undertakes not to communicate it to third parties. www.dtsplus-online.com reserves in any case the possibility of refusing a request for registration to the services in the event of non-compliance by the user with the provisions of these General Conditions of Use. UNSUBSCRIBE The regularly registered user may at any time request to unsubscribe by going to the dedicated page in his Personal Space. Any unsubscription from the site will be effective immediately after the user has completed the form provided for this purpose. RESPONSIBILITIES The editor is only responsible for the content that he has edited himself. The publisher is not responsible In the event of technical, computer or compatibility problems or failures of the site with any hardware or software. Direct or indirect, material or immaterial, foreseeable or unforeseeable damage resulting from the use or difficulties in using the site or its services. Intrinsic characteristics of the Internet, in particular those relating to the lack of reliability and the lack of security of the information circulating on it. Illegal content or activities using his site without his having duly taken cognizance of it within the meaning of Law No. 2004-575 of June 21, 2004 on confidence in the digital economy and Law No. 2004-801 of August 6, 2004 on the protection of individuals with regard to the processing of personal data. Furthermore, the site cannot guarantee the accuracy, completeness and timeliness of the information disseminated there. The user is responsible The protection of its equipment and data. The use he makes of the site or its services. If he does not respect either the letter or the spirit of these T&amp;Cs. HYPERTEXT LINKS The site may contain hypertext links pointing to other websites over which www.dtsplus-online.com has no control. Despite the prior and [...]","protected":false},"author":1,"featured_media":0,"parent":0,"menu_order":0,"comment_status":"closed","ping_status":"closed","template":"","meta":{"inline_featured_image":false,"_joinchat":[],"footnotes":""},"class_list":["post-2880","page","type-page","status-publish","hentry","post-no-thumbnail"],"_links":{"self":[{"href":"https:\/\/dtsplus-online.com\/fr\/wp-json\/wp\/v2\/pages\/2880","targetHints":{"allow":["GET"]}}],"collection":[{"href":"https:\/\/dtsplus-online.com\/fr\/wp-json\/wp\/v2\/pages"}],"about":[{"href":"https:\/\/dtsplus-online.com\/fr\/wp-json\/wp\/v2\/types\/page"}],"author":[{"embeddable":true,"href":"https:\/\/dtsplus-online.com\/fr\/wp-json\/wp\/v2\/users\/1"}],"replies":[{"embeddable":true,"href":"https:\/\/dtsplus-online.com\/fr\/wp-json\/wp\/v2\/comments?post=2880"}],"version-history":[{"count":11,"href":"https:\/\/dtsplus-online.com\/fr\/wp-json\/wp\/v2\/pages\/2880\/revisions"}],"predecessor-version":[{"id":4367,"href":"https:\/\/dtsplus-online.com\/fr\/wp-json\/wp\/v2\/pages\/2880\/revisions\/4367"}],"wp:attachment":[{"href":"https:\/\/dtsplus-online.com\/fr\/wp-json\/wp\/v2\/media?parent=2880"}],"curies":[{"name":"wp","href":"https:\/\/api.w.org\/{rel}","templated":true}]}}