{"id":152,"date":"2019-02-26T04:33:00","date_gmt":"2019-02-26T04:33:00","guid":{"rendered":""},"modified":"2023-01-31T09:26:04","modified_gmt":"2023-01-31T09:26:04","slug":"it-agency","status":"publish","type":"page","link":"https:\/\/dtsplus-online.com\/fr\/","title":{"rendered":"Page d&#039;accueil"},"content":{"rendered":"<section class=\"wpb-content-wrapper\"><div id=\"tm-row-69f6702facd8e\" data-vc-full-width=\"true\" data-vc-full-width-init=\"false\" class=\"vc_row vc_row-outer vc_row-fluid vc_row-o-content-middle vc_row-flex\"><div id=\"tm-column-69f6702fad84e\" class=\"wpb_column vc_column_container vc_col-sm-6\"><div class=\"vc_column-inner\"><div class=\"wpb_wrapper\">\n<div class=\"tm-heading modern-03 left tm-animation move-up\" id=\"tm-heading-69f6702fadde6\">\n\t<h6 class=\"heading\" style=\"\">Services Web et Marketing<\/h6><\/div>\n\n<div class=\"tm-spacer\" id=\"tm-spacer-69f6702fae3f8\"><\/div>\n\n<div class=\"tm-heading left-line left tm-animation fade-in\" id=\"tm-heading-69f6702fae68d\">\n\t<h4 class=\"heading\" style=\"\">Nous sommes une agence de marketing num\u00e9rique d\u00e9di\u00e9e \u00e0 aider votre entreprise \u00e0 r\u00e9ussir.<\/h4><\/div>\n\n<div class=\"tm-spacer\" id=\"tm-spacer-69f6702faebfa\"><\/div>\n\t<div class=\"tm-popup-video style-button-03 group-button-style-01 poster-full-wide tm-animation move-up\" id=\"tm-popup-video-69f6702faee00\">\n\n\t\t\n<a href=\"https:\/\/www.youtube.com\" class=\"video-link\">\n\t<div class=\"video-content\">\n\n\t\t<div class=\"video-play-wrap\">\n\t\t\t<div class=\"video-mark\">\n\t\t\t\t<div class=\"wave-pulse wave-pulse-1\"><\/div>\n\t\t\t\t<div class=\"wave-pulse wave-pulse-2\"><\/div>\n\t\t\t<\/div>\n\n\t\t\t<div class=\"video-play\">\n\t\t\t\t<span class=\"video-play-icon\"><\/span>\n\t\t\t<\/div>\n\t\t<\/div>\n\n\t\t\t\t\t<div class=\"video-text\">\n\t\t\t\tComment nous travaillons\t\t\t<\/div>\n\t\t\t<\/div>\n<\/a>\n\n\t<\/div>\n<div class=\"tm-spacer\" id=\"tm-spacer-69f6702faf1ee\"><\/div>\n<\/div><\/div><\/div><div id=\"tm-column-69f6702faf426\" class=\"wpb_column vc_column_container vc_col-sm-6\"><div class=\"vc_column-inner\"><div class=\"wpb_wrapper\"><div id=\"tm-row-inner-69f6702fafa7a\" class=\"vc_row vc_inner vc_row-fluid\"><div id=\"tm-column-inner-69f6702fb0024\" class=\"wpb_column vc_column_container vc_col-sm-12\"><div class=\"vc_column-inner\"><div class=\"wpb_wrapper\"><div class=\"tm-contact-form-7-box style-01 group-style-01 tm-animation move-up\">\n\t\n<div class=\"wpcf7 no-js\" id=\"wpcf7-f406-o1\" lang=\"en-US\" dir=\"ltr\" data-wpcf7-id=\"406\">\n<div class=\"screen-reader-response\"><p role=\"status\" aria-live=\"polite\" aria-atomic=\"true\"><\/p> <ul><\/ul><\/div>\n<form action=\"\/fr\/wp-json\/wp\/v2\/pages\/152#wpcf7-f406-o1\" method=\"post\" class=\"wpcf7-form init\" aria-label=\"Contact form\" novalidate=\"novalidate\" data-status=\"init\" data-trp-original-action=\"\/fr\/wp-json\/wp\/v2\/pages\/152#wpcf7-f406-o1\">\n<fieldset class=\"hidden-fields-container\"><input type=\"hidden\" name=\"_wpcf7\" value=\"406\" \/><input type=\"hidden\" name=\"_wpcf7_version\" value=\"6.1.5\" \/><input type=\"hidden\" name=\"_wpcf7_locale\" value=\"en_US\" \/><input type=\"hidden\" name=\"_wpcf7_unit_tag\" value=\"wpcf7-f406-o1\" \/><input type=\"hidden\" name=\"_wpcf7_container_post\" value=\"0\" \/><input type=\"hidden\" name=\"_wpcf7_posted_data_hash\" value=\"\" \/>\n<\/fieldset>\n<div class=\"row\">\n\t<div class=\"col-md-12\">\n\t\t<h4 class=\"form-title\">\n\t\t<\/h4>\n\t\t<p class=\"form-description\">C&#039;est un plaisir d&#039;avoir une chance de coop\u00e9rer.\n\t\t<\/p>\n\t<\/div>\n\t<div class=\"col-md-12\">\n\t\t<div class=\"form-item\">\n\t\t\t<p><span class=\"wpcf7-form-control-wrap\" data-name=\"your-name\"><input size=\"40\" maxlength=\"400\" class=\"wpcf7-form-control wpcf7-text wpcf7-validates-as-required\" aria-required=\"true\" aria-invalid=\"false\" placeholder=\"Nom *\" value=\"\" type=\"text\" name=\"your-name\" \/><\/span>\n\t\t\t<\/p>\n\t\t<\/div>\n\t<\/div>\n\t<div class=\"col-md-12\">\n\t\t<div class=\"form-item\">\n\t\t\t<p><span class=\"wpcf7-form-control-wrap\" data-name=\"your-email\"><input size=\"40\" maxlength=\"400\" class=\"wpcf7-form-control wpcf7-email wpcf7-validates-as-required wpcf7-text wpcf7-validates-as-email\" aria-required=\"true\" aria-invalid=\"false\" placeholder=\"E-mail *\" value=\"\" type=\"email\" name=\"your-email\" \/><\/span>\n\t\t\t<\/p>\n\t\t<\/div>\n\t<\/div>\n\t<div class=\"col-md-12\">\n\t\t<div class=\"form-item\">\n\t\t\t<p><span class=\"wpcf7-form-control-wrap\" data-name=\"inquiry\"><select class=\"wpcf7-form-control wpcf7-select\" aria-invalid=\"false\" name=\"inquiry\"><option value=\"Your inquiry about\">Votre demande sur<\/option><option value=\"General Information Request\">Demande d&#039;informations g\u00e9n\u00e9rales<\/option><option value=\"Partner Relations\">Relations partenaires<\/option><option value=\"Careers\">Carri\u00e8res<\/option><option value=\"Package offer\">Package offer<\/option><\/select><\/span>\n\t\t\t<\/p>\n\t\t<\/div>\n\t<\/div>\n\t<div class=\"col-md-12\">\n\t\t<div class=\"form-submit\">\n\t\t\t<p><input class=\"wpcf7-form-control wpcf7-submit has-spinner\" type=\"submit\" value=\"Soumettre\" \/>\n\t\t\t<\/p>\n\t\t<\/div>\n\t<\/div>\n<\/div><div class=\"wpcf7-response-output\" aria-hidden=\"true\"><\/div>\n<input type=\"hidden\" name=\"trp-form-language\" value=\"fr\"\/><\/form>\n<\/div>\n<\/div>\n<\/div><\/div><\/div><\/div><\/div><\/div><\/div><\/div><div class=\"vc_row-full-width vc_clearfix\"><\/div><div id=\"tm-row-69f6702fb5c59\" data-vc-full-width=\"true\" data-vc-full-width-init=\"false\" class=\"vc_row vc_row-outer vc_row-fluid\"><div id=\"tm-column-69f6702fb6326\" class=\"wpb_column vc_column_container vc_col-sm-12\"><div class=\"vc_column-inner\"><div class=\"wpb_wrapper\"><div class=\"tm-spacer\" id=\"tm-spacer-69f6702fb67db\"><\/div>\n\n<div class=\"tm-heading modern center tm-animation move-up\" id=\"tm-heading-69f6702fb6b6c\">\n\t<h3 class=\"heading\" style=\"\">Services que nous offrons<\/h3><\/div>\n\n<div class=\"tm-spacer\" id=\"tm-spacer-69f6702fb7291\"><\/div>\n\n<div class=\"tm-heading left-line center tm-animation move-up\" id=\"tm-heading-69f6702fb7712\">\n\t<h4 class=\"heading\" style=\"\">Nous y parvenons gr\u00e2ce \u00e0 des solutions en ligne qui vous permettent d&#039;utiliser, d&#039;adapter et d&#039;acc\u00e9l\u00e9rer la croissance de votre organisation.<mark> Commen\u00e7ons maintenant\u2026<\/mark><\/h4><\/div>\n\n<div class=\"tm-spacer\" id=\"tm-spacer-69f6702fb7c76\"><\/div>\n<div class=\"tm-spacer\" id=\"tm-spacer-69f6702fb7d91\"><\/div>\n<div class=\"tm-grid-wrapper tm-grid-group\" id=\"tm-grid-69f6702fb7fd6\"\n     data-item-wrap=\"1\"\n     data-item-border=\"1\"\n>\n\n\t<div class=\"tm-grid modern-grid has-animation move-up\">\n\t\t<div class=\"tm-box-icon style-05 tm-animation move-up\" id=\"tm-box-icon-69f6702fb8400\">\n\t\n\t<a href=\"#\" class=\"link-secret\">\n\t<div class=\"content-wrap\">\n\t\t\n\n\n<div class=\"content\">\n\t\n\t\t\t<h4 class=\"heading\">\n\t\t\tD\u00e9veloppement web\t\t<\/h4>\n\t\n\t\t\t<div class=\"text\">Lorsque votre site Web \u00e9choue, comment pouvez-vous avancer?<br \/>\nExaminons en d\u00e9tail votre site Web pour trouver les probl\u00e8mes qui emp\u00eachent le succ\u00e8s.<br \/>\nEnsuite, nous pouvons concevoir des solutions efficaces pour vous aider \u00e0 atteindre les objectifs de votre entreprise.<br \/>\nVotre meilleur ami est un site Web bien con\u00e7u.<\/div>\t\n\t\t\t\t\t\t<div class=\"btn\">\t\t\n\n\t\t<span class=\"button-text\">D\u00e9couvrez maintenant<\/span>\n\t\t<span class=\"button-icon\"><\/span>\n\n\t\t\t\t\t<\/div>\t\t\t\t\t\t<\/div>\n\t<\/div>\n\n\t<\/a>\n<\/div>\n<div class=\"tm-box-icon style-05 tm-animation move-up\" id=\"tm-box-icon-69f6702fb8c16\">\n\t\n\t<a href=\"#\" class=\"link-secret\">\n\t<div class=\"content-wrap\">\n\t\t\n\n\n<div class=\"content\">\n\t\n\t\t\t<h4 class=\"heading\">\n\t\t\tCr\u00e9ation de sites web\t\t<\/h4>\n\t\n\t\t\t<div class=\"text\">Le meilleur outil de vente que vous puissiez avoir \u00e0 votre disposition est un site Web bien con\u00e7u.<br \/>\nVous pouvez l&#039;utiliser pour pr\u00e9senter clairement et de mani\u00e8re attrayante vos produits et services \u00e0 votre march\u00e9 cible.<\/div>\t\n\t\t\t\t\t\t<div class=\"btn\">\t\t\n\n\t\t<span class=\"button-text\">D\u00e9couvrez maintenant<\/span>\n\t\t<span class=\"button-icon\"><\/span>\n\n\t\t\t\t\t<\/div>\t\t\t\t\t\t<\/div>\n\t<\/div>\n\n\t<\/a>\n<\/div>\n<div class=\"tm-box-icon style-05 tm-animation move-up\" id=\"tm-box-icon-69f6702fb96f0\">\n\t\n\t<a href=\"#\" class=\"link-secret\">\n\t<div class=\"content-wrap\">\n\t\t\n\n\n<div class=\"content\">\n\t\n\t\t\t<h4 class=\"heading\">\n\t\t\tLe marketing num\u00e9rique\t\t<\/h4>\n\t\n\t\t\t<div class=\"text\">Notre strat\u00e9gie strat\u00e9gique, ax\u00e9e sur les donn\u00e9es et centr\u00e9e sur l&#039;utilisateur permet \u00e0 votre organisation d&#039;augmenter l&#039;exposition en ligne, l&#039;engagement des consommateurs et des relations solides avec le public.<br \/>\nEn tant que partenaire num\u00e9rique, nous commen\u00e7ons par bien comprendre vos objectifs commerciaux.<\/div>\t\n\t\t\t\t\t\t<div class=\"btn\">\t\t\n\n\t\t<span class=\"button-text\">D\u00e9couvrez maintenant<\/span>\n\t\t<span class=\"button-icon\"><\/span>\n\n\t\t\t\t\t<\/div>\t\t\t\t\t\t<\/div>\n\t<\/div>\n\n\t<\/a>\n<\/div>\n<div class=\"tm-box-icon style-05 tm-animation move-up\" id=\"tm-box-icon-69f6702fb9ecc\">\n\t\n\t<a href=\"#\" class=\"link-secret\">\n\t<div class=\"content-wrap\">\n\t\t\n\n\n<div class=\"content\">\n\t\n\t\t\t<h4 class=\"heading\">\n\t\t\tl&#039;image de marque\t\t<\/h4>\n\t\n\t\t\t<div class=\"text\">Nous sommes une entreprise de branding professionnelle qui est \u00e9galement d&#039;avis qu&#039;en plus des biens et services qu&#039;une entreprise propose, c&#039;est le r\u00e9cit de la marque qui attire les clients potentiels.<br \/>\nIl est probable qu&#039;une entreprise comp\u00e9tente en mati\u00e8re d&#039;image de marque soit responsable d&#039;une publicit\u00e9 qui vient d&#039;attirer votre attention et qui est rest\u00e9e coinc\u00e9e dans votre cerveau.<\/div>\t\n\t\t\t\t\t\t<div class=\"btn\">\t\t\n\n\t\t<span class=\"button-text\">D\u00e9couvrez maintenant<\/span>\n\t\t<span class=\"button-icon\"><\/span>\n\n\t\t\t\t\t<\/div>\t\t\t\t\t\t<\/div>\n\t<\/div>\n\n\t<\/a>\n<\/div>\n<div class=\"tm-box-icon style-05 tm-animation move-up\" id=\"tm-box-icon-69f6702fba74c\">\n\t\n\t<a href=\"#\" class=\"link-secret\">\n\t<div class=\"content-wrap\">\n\t\t\n\n\n<div class=\"content\">\n\t\n\t\t\t<h4 class=\"heading\">\n\t\t\tServices de s\u00e9curit\u00e9 informatique\t\t<\/h4>\n\t\n\t\t\t<div class=\"text\">Souhaitez-vous offrir une s\u00e9curit\u00e9, une conformit\u00e9 et une visibilit\u00e9 sup\u00e9rieures ?<br \/>\nPeu importe la taille ou la taille de leur entreprise ?<br \/>\nLes services de s\u00e9curit\u00e9 num\u00e9rique g\u00e9r\u00e9s visent \u00e0 aider votre organisation \u00e0 g\u00e9rer le risque global et \u00e0 am\u00e9liorer la strat\u00e9gie de s\u00e9curit\u00e9.<\/div>\t\n\t\t\t\t\t\t<div class=\"btn\">\t\t\n\n\t\t<span class=\"button-text\">D\u00e9couvrez maintenant<\/span>\n\t\t<span class=\"button-icon\"><\/span>\n\n\t\t\t\t\t<\/div>\t\t\t\t\t\t<\/div>\n\t<\/div>\n\n\t<\/a>\n<\/div>\n<div class=\"tm-box-icon style-05 tm-animation move-up\" id=\"tm-box-icon-69f6702fbaf43\">\n\t\n\t<a href=\"#\" class=\"link-secret\">\n\t<div class=\"content-wrap\">\n\t\t\n\n\n<div class=\"content\">\n\t\n\t\t\t<h4 class=\"heading\">\n\t\t\tDomaines et h\u00e9bergement\t\t<\/h4>\n\t\n\t\t\t<div class=\"text\">Laissez g\u00e9rer la conception de votre site Web, l&#039;enregistrement de domaine, l&#039;h\u00e9bergement Web et la messagerie professionnelle pour simplifier le processus de mise en place de votre prochain site Web.<br \/>\nOrganisez tout dans un seul compte accessible qui offre des alternatives de pr\u00e9l\u00e8vement automatique et un historique des factures en ligne.<\/div>\t\n\t\t\t\t\t\t<div class=\"btn\">\t\t\n\n\t\t<span class=\"button-text\">D\u00e9couvrez maintenant<\/span>\n\t\t<span class=\"button-icon\"><\/span>\n\n\t\t\t\t\t<\/div>\t\t\t\t\t\t<\/div>\n\t<\/div>\n\n\t<\/a>\n<\/div>\n\t<\/div>\n\n<\/div>\n\n\n<div class=\"tm-spacer\" id=\"tm-spacer-69f6702fbb836\"><\/div>\n<div class=\"tm-button-group\" id=\"tm-button-group-69f6702fbba4d\">\n\t<div class=\"tm-button-wrapper tm-animation move-up\" id=\"tm-button-69f6702fbbe77\">\n\t\t<a class=\"tm-button style-flat tm-button-custom tm-button-\" href=\"#\"\n\t\t\t>\n\n\t\t\n\t\t\t\t\t\t<span class=\"button-text\" data-text=\"Talk to a consultant\">\n\t\t\t\tParlez \u00e0 un conseiller\t\t\t<\/span>\n\t\t\t\n\t\t\n\n\t<\/a>\n<\/div>\n<\/div>\n<div class=\"tm-spacer\" id=\"tm-spacer-69f6702fbc02f\"><\/div>\n<\/div><\/div><\/div><\/div><div class=\"vc_row-full-width vc_clearfix\"><\/div><div id=\"tm-row-69f6702fbc4e6\" data-vc-full-width=\"true\" data-vc-full-width-init=\"false\" class=\"vc_row vc_row-outer vc_row-fluid\"><div id=\"tm-column-69f6702fbc973\" class=\"wpb_column vc_column_container vc_col-sm-12\"><div class=\"vc_column-inner\"><div class=\"wpb_wrapper\">\n<div class=\"tm-heading modern center tm-animation move-up\" id=\"tm-heading-69f6702fbcdea\">\n\t<h6 class=\"heading\" style=\"\">D\u00e9couvrez notre entreprise<\/h6><\/div>\n\n<div class=\"tm-spacer\" id=\"tm-spacer-69f6702fbd328\"><\/div>\n\n<div class=\"tm-heading left-line center tm-animation move-up\" id=\"tm-heading-69f6702fbd5b0\">\n\t<h3 class=\"heading\" style=\"font-family:Raleway\">Nous avons prosp\u00e9r\u00e9 dans <mark>3 ann\u00e9es<\/mark><\/h3><\/div>\n\n<div class=\"tm-spacer\" id=\"tm-spacer-69f6702fc05b9\"><\/div>\n<div id=\"tm-row-inner-69f6702fc0908\" class=\"vc_row vc_inner vc_row-fluid\"><div id=\"tm-column-inner-69f6702fc0ee4\" class=\"wpb_column vc_column_container vc_col-sm-6\"><div class=\"vc_column-inner\"><div class=\"wpb_wrapper\">\t<div class=\"tm-popup-video style-poster-02 poster-full-wide tm-animation move-up\" id=\"tm-popup-video-69f6702fc1455\">\n\n\t\t\n<a href=\"https:\/\/www.youtube.com\" class=\"video-link\">\n\t<div class=\"video-poster\">\n\t\t<img loading=\"lazy\" decoding=\"async\"  class=\"ll-image unload\" alt=\"JJ\" width=\"570\" height=\"350\" data-src-retina=\"https:\/\/dtsplus-online.com\/wp-content\/uploads\/2022\/10\/DD-570x350@2x.jpg\" src=\"https:\/\/dtsplus-online.com\/wp-content\/uploads\/2022\/10\/DD-50x30.jpg\" data-src=\"https:\/\/dtsplus-online.com\/wp-content\/uploads\/2022\/10\/DD-570x350.jpg\" \/>\n\t\t<div class=\"video-overlay\">\n\t\t\t<div class=\"video-mark\">\n\t\t\t\t<div class=\"wave-pulse wave-pulse-1\"><\/div>\n\t\t\t\t<div class=\"wave-pulse wave-pulse-2\"><\/div>\n\t\t\t<\/div>\n\n\t\t\t<div class=\"video-button\">\n\t\t\t\t<div class=\"video-play\">\n\t\t\t\t\t<span class=\"video-play-icon\"><\/span>\n\t\t\t\t<\/div>\n\n\t\t\t\t\t\t\t<\/div>\n\t\t<\/div>\n\t<\/div>\n<\/a>\n\n\t<\/div>\n<div class=\"tm-spacer\" id=\"tm-spacer-69f6702fc23f1\"><\/div>\n<\/div><\/div><\/div><div id=\"tm-column-inner-69f6702fc2649\" class=\"wpb_column vc_column_container vc_col-sm-6\"><div class=\"vc_column-inner\"><div class=\"wpb_wrapper\">\n<div class=\"tm-heading  left tm-animation move-up\" id=\"tm-heading-69f6702fc2c49\">\n\t<div class=\"heading\" style=\"\">Mieux vaut faire peu que rien du tout !<br \/>\nLes applications technologiques jouent un r\u00f4le dans l&#039;am\u00e9lioration de notre communaut\u00e9.<\/div><\/div>\n\n<div class=\"tm-spacer\" id=\"tm-spacer-69f6702fc320e\"><\/div>\n\n\n\t<div class=\"tm-list style-check list-vertical align-left tm-animation move-up\" id=\"tm-list-69f6702fc34f0\">\n\t\t\t\t\t<div class=\"list-item\">\n\n\t\t\t\t\n\t\t\t\t\t<div class=\"list-header\">\n\t\t\t\t\t\t<div class=\"marker\">\n\n\t\t\t\t\t\t\t\n\t\t\t\t\t\t<\/div>\n\n\t\t\t\t\t\t<div class=\"title-wrap\">\n\t\t\t\t\t\t\t\t\t\t\t\t\t\t\t<h6 class=\"title\">\n\t\t\t\t\t\t\t\t\tCr\u00e9er une avanc\u00e9e technologique\t\t\t\t\t\t\t\t<\/h6>\n\t\t\t\t\t\t\t\n\t\t\t\t\t\t\t\t\t\t\t\t\t\t\t\t\t\t\t\t\t\t\t\t\t\t\t\t<\/div>\n\t\t\t\t\t<\/div>\n\n\t\t\t\t\t\n\t\t\t\t\t\n\t\t\t<\/div>\n\t\t\t\t\t<div class=\"list-item\">\n\n\t\t\t\t\n\t\t\t\t\t<div class=\"list-header\">\n\t\t\t\t\t\t<div class=\"marker\">\n\n\t\t\t\t\t\t\t\n\t\t\t\t\t\t<\/div>\n\n\t\t\t\t\t\t<div class=\"title-wrap\">\n\t\t\t\t\t\t\t\t\t\t\t\t\t\t\t<h6 class=\"title\">\n\t\t\t\t\t\t\t\t\tAm\u00e9lioration de l&#039;environnement local\t\t\t\t\t\t\t\t<\/h6>\n\t\t\t\t\t\t\t\n\t\t\t\t\t\t\t\t\t\t\t\t\t\t\t\t\t\t\t\t\t\t\t\t\t\t\t\t<\/div>\n\t\t\t\t\t<\/div>\n\n\t\t\t\t\t\n\t\t\t\t\t\n\t\t\t<\/div>\n\t\t\t\t\t<div class=\"list-item\">\n\n\t\t\t\t\n\t\t\t\t\t<div class=\"list-header\">\n\t\t\t\t\t\t<div class=\"marker\">\n\n\t\t\t\t\t\t\t\n\t\t\t\t\t\t<\/div>\n\n\t\t\t\t\t\t<div class=\"title-wrap\">\n\t\t\t\t\t\t\t\t\t\t\t\t\t\t\t<h6 class=\"title\">\n\t\t\t\t\t\t\t\t\tS\u00e9curit\u00e9 de la construction de la base de donn\u00e9es\t\t\t\t\t\t\t\t<\/h6>\n\t\t\t\t\t\t\t\n\t\t\t\t\t\t\t\t\t\t\t\t\t\t\t\t\t\t\t\t\t\t\t\t\t\t\t\t<\/div>\n\t\t\t\t\t<\/div>\n\n\t\t\t\t\t\n\t\t\t\t\t\n\t\t\t<\/div>\n\t\t\t\t\t<div class=\"list-item\">\n\n\t\t\t\t\n\t\t\t\t\t<div class=\"list-header\">\n\t\t\t\t\t\t<div class=\"marker\">\n\n\t\t\t\t\t\t\t\n\t\t\t\t\t\t<\/div>\n\n\t\t\t\t\t\t<div class=\"title-wrap\">\n\t\t\t\t\t\t\t\t\t\t\t\t\t\t\t<h6 class=\"title\">\n\t\t\t\t\t\t\t\t\tSyst\u00e8me d&#039;ing\u00e9nierie de gestion\t\t\t\t\t\t\t\t<\/h6>\n\t\t\t\t\t\t\t\n\t\t\t\t\t\t\t\t\t\t\t\t\t\t\t\t\t\t\t\t\t\t\t\t\t\t\t\t<\/div>\n\t\t\t\t\t<\/div>\n\n\t\t\t\t\t\n\t\t\t\t\t\n\t\t\t<\/div>\n\t\t\t<\/div>\n\n\t<div class=\"tm-spacer\" id=\"tm-spacer-69f6702fc3b28\"><\/div>\n<div class=\"tm-button-wrapper tm-animation move-up\" id=\"tm-button-69f6702fc3d70\">\n\t\t<a class=\"tm-button style-text tm-button-nm tm-button-custom has-icon icon-right\" href=\"#\"\n\t\t\t>\n\n\t\t\n\t\t\t\t\t\t<span class=\"button-text\" data-text=\"Let&#039;s get started\">\n\t\t\t\tCommen\u00e7ons\t\t\t<\/span>\n\t\t\t\t\t\t\t<span class=\"button-icon\">\n\t\t\t\t<i class=\"far fa-long-arrow-right\"><\/i>\n\t\t\t<\/span>\n\t\t\t\n\t\t\n\n\t<\/a>\n<\/div>\n<\/div><\/div><\/div><\/div><\/div><\/div><\/div><\/div><div class=\"vc_row-full-width vc_clearfix\"><\/div><div id=\"tm-row-69f6702fc48df\" data-vc-full-width=\"true\" data-vc-full-width-init=\"false\" class=\"vc_row vc_row-outer vc_row-fluid vc_row-o-content-middle vc_row-flex\"><div id=\"tm-column-69f6702fc520f\" class=\"wpb_column vc_column_container vc_col-sm-12 vc_col-md-8\"><div class=\"vc_column-inner\"><div class=\"wpb_wrapper\">\n<div class=\"tm-heading left-line left tm-animation move-up\" id=\"tm-heading-69f6702fc568f\">\n\t<h3 class=\"heading\" style=\"\">Nous g\u00e9rons toutes sortes de services informatiques qui promettent votre <mark>Succ\u00e8s<\/mark><\/h3><\/div>\n\n<div class=\"tm-spacer\" id=\"tm-spacer-69f6702fc5c27\"><\/div>\n<\/div><\/div><\/div><div id=\"tm-column-69f6702fc5e99\" class=\"wpb_column vc_column_container vc_col-sm-12 vc_col-md-4\"><div class=\"vc_column-inner\"><div class=\"wpb_wrapper\"><div class=\"tm-button-group\" id=\"tm-button-group-69f6702fc61f0\">\n\t<div class=\"tm-button-wrapper tm-animation move-up\" id=\"tm-button-69f6702fc6514\">\n\t\t<a class=\"tm-button style-flat tm-button-custom tm-button- has-icon icon-left\" href=\"#\"\n\t\t\t>\n\n\t\t\n\t\t\t\t\t\t\t<span class=\"button-icon\">\n\t\t\t\t<i class=\"far fa-comment-alt-dots\"><\/i>\n\t\t\t<\/span>\n\t\t\t\t\t\t<span class=\"button-text\" data-text=\"Let&#039;s talk\">\n\t\t\t\tParlons-en\t\t\t<\/span>\n\t\t\t\n\t\t\n\n\t<\/a>\n<\/div>\n<div class=\"tm-button-wrapper tm-animation move-up\" id=\"tm-button-69f6702fc67a9\">\n\t\t<a class=\"tm-button style-flat tm-button-custom tm-button-custom has-icon icon-left\" href=\"#\"\n\t\t\t>\n\n\t\t\n\t\t\t\t\t\t\t<span class=\"button-icon\">\n\t\t\t\t<i class=\"far fa-info-circle\"><\/i>\n\t\t\t<\/span>\n\t\t\t\t\t\t<span class=\"button-text\" data-text=\"Get info\">\n\t\t\t\tObtenir des informations\t\t\t<\/span>\n\t\t\t\n\t\t\n\n\t<\/a>\n<\/div>\n<\/div>\n<\/div><\/div><\/div><\/div><div class=\"vc_row-full-width vc_clearfix\"><\/div><div id=\"tm-row-69f6702fc71a7\" data-vc-full-width=\"true\" data-vc-full-width-init=\"false\" class=\"vc_row vc_row-outer vc_row-fluid\"><div id=\"tm-column-69f6702fc75ea\" class=\"wpb_column vc_column_container vc_col-sm-12\"><div class=\"vc_column-inner\"><div class=\"wpb_wrapper\"><div class=\"tm-grid-wrapper tm-grid-group\" id=\"tm-grid-69f6702fc79a0\"\n     data-item-wrap=\"1\"\n     data-item-border=\"1\"\n>\n\n\t<div class=\"tm-grid modern-grid has-animation move-up\">\n\t\t<div id=\"tm-counter-69f6702fc7d2e\" class=\"tm-counter style-01 align-center has-animation tm-animation move-up\"\n     data-animation=\"counter-up\"\n>\n\t<div class=\"counter-wrap\">\n\t\t\n\n\t<div class=\"number-wrap\">\n\t\t\t\t<span class=\"number\">130<\/span>\n\t\t\t<\/div>\n\n\t<h5 class=\"heading\">Clients satisfaits<\/h5>\n\t<\/div>\n<\/div>\n<div id=\"tm-counter-69f6702fc851a\" class=\"tm-counter style-01 align-center has-animation tm-animation move-up\"\n     data-animation=\"counter-up\"\n>\n\t<div class=\"counter-wrap\">\n\t\t\n\n\t<div class=\"number-wrap\">\n\t\t\t\t<span class=\"number\">78<\/span>\n\t\t\t<\/div>\n\n\t<h5 class=\"heading\">Projets finis<\/h5>\n\t<\/div>\n<\/div>\n<div id=\"tm-counter-69f6702fc8bec\" class=\"tm-counter style-01 align-center has-animation tm-animation move-up\"\n     data-animation=\"counter-up\"\n>\n\t<div class=\"counter-wrap\">\n\t\t\n\n\t<div class=\"number-wrap\">\n\t\t\t\t<span class=\"number\">23<\/span>\n\t\t\t<\/div>\n\n\t<h5 class=\"heading\">Experts qualifi\u00e9s<\/h5>\n\t<\/div>\n<\/div>\n<div id=\"tm-counter-69f6702fc9267\" class=\"tm-counter style-01 align-center has-animation tm-animation move-up\"\n     data-animation=\"counter-up\"\n>\n\t<div class=\"counter-wrap\">\n\t\t\n\n\t<div class=\"number-wrap\">\n\t\t\t\t<span class=\"number\">266<\/span>\n\t\t\t<\/div>\n\n\t<h5 class=\"heading\">Publications dans les m\u00e9dias<\/h5>\n\t<\/div>\n<\/div>\n\t<\/div>\n\n<\/div>\n\n\n<\/div><\/div><\/div><\/div><div class=\"vc_row-full-width vc_clearfix\"><\/div>\n<\/section>","protected":false},"excerpt":{"rendered":"Web &amp; Marketing Services We're a digital marketing agency dedicated to assisting your company in achieving success. How we work It's out pleasure to have a chance to cooperate. Your inquiry aboutGeneral Information RequestPartner RelationsCareersPackage offer Services We Deliver We accomplish this through online solutions that let you utilize, scale, and quicken the growth of your organization. Now let's begin... Web Development When your website is failing, how can you advance? Let's take a detailed look at your website to find the problems that prevent success. Then, we can design successful solutions to assist you in achieving your company objectives. Your best friend is a well designed website. Discover now Web Design The finest sales tool you could possibly have at your disposal is a well-designed website. You may make use of it to clearly and attractively present your goods and services to your target market. Discover now Digital Marketing Our strategic, data-driven, user-centric strategy allows your organization to boost online exposure, consumer engagement, and strong relationships with audiences. As your digital partner, we begin by thoroughly understanding your business objectives. Discover now Branding We are a professional branding company that also holds the opinion that in addition to the goods and services a company offers, it is the brand's narrative that draws in potential customers. It's likely that a competent Business Branding Company is responsible for an advertisement that just caught your notice and is stuck in your brain. Discover now IT Security Services Are you interested in delivering superior security, compliance, and visibility? No matter how big or little their business ? Managed digital security Sevices is to help you organization to manage overall risk and improve security strategy. Discover now Domains &amp; Hosting Let handle your web site design, domain registration, web hosting, and business email to simplify the process of putting up your next website. Organize everything in a single, accessible account that offers direct debit alternatives and online invoice history. Discover now Talk to a consultant Discover our company We've been thriving in 3 years It's better to achieve little than nothing at all! Technological applications play a role in improving our community. Create technological advance Local environment improvement Database construction security Management engineering system Let&#039;s get started We run all kinds of IT services that vow your success Let&#039;s talk Get info 130 Happy clients 78 Finished projects 23 Skilled Experts 266 Media Posts","protected":false},"author":1,"featured_media":0,"parent":0,"menu_order":0,"comment_status":"closed","ping_status":"closed","template":"","meta":{"inline_featured_image":false,"_joinchat":[],"footnotes":""},"class_list":["post-152","page","type-page","status-publish","hentry","post-no-thumbnail"],"_links":{"self":[{"href":"https:\/\/dtsplus-online.com\/fr\/wp-json\/wp\/v2\/pages\/152","targetHints":{"allow":["GET"]}}],"collection":[{"href":"https:\/\/dtsplus-online.com\/fr\/wp-json\/wp\/v2\/pages"}],"about":[{"href":"https:\/\/dtsplus-online.com\/fr\/wp-json\/wp\/v2\/types\/page"}],"author":[{"embeddable":true,"href":"https:\/\/dtsplus-online.com\/fr\/wp-json\/wp\/v2\/users\/1"}],"replies":[{"embeddable":true,"href":"https:\/\/dtsplus-online.com\/fr\/wp-json\/wp\/v2\/comments?post=152"}],"version-history":[{"count":119,"href":"https:\/\/dtsplus-online.com\/fr\/wp-json\/wp\/v2\/pages\/152\/revisions"}],"predecessor-version":[{"id":4324,"href":"https:\/\/dtsplus-online.com\/fr\/wp-json\/wp\/v2\/pages\/152\/revisions\/4324"}],"wp:attachment":[{"href":"https:\/\/dtsplus-online.com\/fr\/wp-json\/wp\/v2\/media?parent=152"}],"curies":[{"name":"wp","href":"https:\/\/api.w.org\/{rel}","templated":true}]}}