{"id":1102,"date":"2019-03-15T03:48:02","date_gmt":"2019-03-15T03:48:02","guid":{"rendered":"https:\/\/dtsplus-online.com\/about-us-02\/"},"modified":"2023-01-02T13:03:23","modified_gmt":"2023-01-02T13:03:23","slug":"about-us","status":"publish","type":"page","link":"https:\/\/dtsplus-online.com\/fr\/about-us\/","title":{"rendered":"\u00c0 propos de nous"},"content":{"rendered":"<section class=\"wpb-content-wrapper\"><div id=\"tm-row-69f6983835783\" class=\"vc_row vc_row-outer vc_row-fluid\"><div id=\"tm-column-69f6983836041\" class=\"wpb_column vc_column_container vc_col-sm-12\"><div class=\"vc_column-inner\"><div class=\"wpb_wrapper\"><div class=\"tm-spacer\" id=\"tm-spacer-69f69838364ff\"><\/div>\n<div class=\"cq-cardslider cq-cardslider-shape-rounded cq-cardslider-bg-darkgray cq-cardslider-defaultdot-lightgray cq-cardslider-dot-transparent cq-cardslider-image-left cq-cardslider-240\" data-itemheight=\"\" data-autoslide=\"4\" data-itemsize=\"240\" data-autoheight=\"yes\" data-transition=\"fade\" style=\"background-color:\"><div class=\"swiper-wrapper\"><div class=\"cq-cardslider-item swiper-slide\"><div class=\"cq-cardslider-imgcontainer\"><img decoding=\"async\" src=\"https:\/\/dtsplus-online.com\/wp-content\/uploads\/2022\/11\/Blog-and-article-creation.webp\" class=\"cq-cardslider-img\" title=\"\" alt=\"\"><\/div><div class=\"cq-cardslider-content\"><div class=\"cq-cardslider-title\" style=\"color:#afc72e;font-size:\">Qui nous sommes ?<\/div><div class=\"cq-cardslider-text\"><p>Nous sommes une entreprise de d\u00e9veloppement Web et de marketing num\u00e9rique \u00e0 service complet qui offre des services de r\u00e9f\u00e9rencement, de PPC et de conception Web.<br \/>\nCes services ont aid\u00e9 de nombreux entrepreneurs \u00e0 tirer parti des opportunit\u00e9s presque infinies que peut offrir le marketing num\u00e9rique.<br \/>\nNos r\u00e9sultats impeccables, notre retour sur investissement mesurable, notre approche professionnelle des d\u00e9fis et notre capacit\u00e9 \u00e0 fournir des solutions personnalis\u00e9es \u00e0 chaque client nous ont aid\u00e9s \u00e0 renforcer la valeur de notre marque.<\/p>\n<\/div><\/div><\/div><div class=\"cq-cardslider-item swiper-slide\"><div class=\"cq-cardslider-imgcontainer\"><img decoding=\"async\" src=\"https:\/\/dtsplus-online.com\/wp-content\/uploads\/2022\/11\/sites.jpg\" class=\"cq-cardslider-img\" title=\"\" alt=\"\"><\/div><div class=\"cq-cardslider-content\"><div class=\"cq-cardslider-title\" style=\"color:#afc72e;font-size:\">Nos visions<\/div><div class=\"cq-cardslider-text\"><p>Nous sommes un groupe de d\u00e9veloppeurs, de concepteurs et de sp\u00e9cialistes du marketing num\u00e9rique exp\u00e9riment\u00e9s bas\u00e9s au Royaume-Uni, mais proposant nos solutions dans le monde entier.<br \/>\nDans les secteurs des services et des produits, nous poss\u00e9dons une vaste expertise.<br \/>\ntravaill\u00e9 avec des startups pour les aider \u00e0 atteindre leurs objectifs d\u00e9finis.<br \/>\nNous nous effor\u00e7ons toujours d&#039;obtenir le meilleur placement d&#039;annonces et un meilleur CTR tout en essayant d&#039;\u00e9conomiser une grande partie de l&#039;argent publicitaire.<br \/>\nEn acqu\u00e9rant la r\u00e9putation d&#039;une organisation num\u00e9rique fiable offrant des solutions de publicit\u00e9 et de marketing num\u00e9rique ax\u00e9es sur les r\u00e9sultats, nous avons consolid\u00e9 notre position dans le secteur de la publicit\u00e9 num\u00e9rique et du marketing des moteurs de recherche.<br \/>\nAvec une pr\u00e9sence significative sur le march\u00e9 britannique, nous servons activement des clients \u00e9trangers.<\/p>\n<\/div><\/div><\/div><div class=\"cq-cardslider-item swiper-slide\"><div class=\"cq-cardslider-imgcontainer\"><img decoding=\"async\" src=\"https:\/\/dtsplus-online.com\/wp-content\/uploads\/2022\/12\/Untitled-1.png\" class=\"cq-cardslider-img\" title=\"\" alt=\"\"><\/div><div class=\"cq-cardslider-content\"><div class=\"cq-cardslider-title\" style=\"color:#afc72e;font-size:\">Nos services<\/div><div class=\"cq-cardslider-text\"><p>D\u00e9veloppement Web, conception Web, optimisation des moteurs de recherche, publicit\u00e9 en ligne, marketing des m\u00e9dias sociaux, marketing de contenu, marketing par e-mail, d\u00e9veloppement d&#039;applications, solutions cr\u00e9atives rich media, services de r\u00e9f\u00e9rencement, optimisation des m\u00e9dias sociaux, gestion de Google AdWords, sans oublier les solutions de commerce \u00e9lectronique ne sont que quelques-uns des secteurs verticaux de services que nous offrons.<\/p>\n<\/div><\/div><\/div><\/div><div class=\"cq-cardslider-nav\"><\/div><\/div><div class=\"tm-spacer\" id=\"tm-spacer-69f69838384c5\"><\/div>\n<\/div><\/div><\/div><\/div><div id=\"tm-row-69f6983838fbc\" class=\"vc_row vc_row-outer vc_row-fluid\"><div id=\"tm-column-69f6983839690\" class=\"wpb_column vc_column_container vc_col-sm-12\"><div class=\"vc_column-inner\"><div class=\"wpb_wrapper\"><div id=\"tm-row-inner-69f698383a03d\" class=\"vc_row vc_inner vc_row-fluid\"><div id=\"tm-column-inner-69f698383a777\" class=\"wpb_column vc_column_container vc_col-sm-6 vc_col-md-5\"><div class=\"vc_column-inner\"><div class=\"wpb_wrapper\">\n<div class=\"tm-heading modern-number-02 left tm-animation move-up\" id=\"tm-heading-69f698383ad66\">\n\t<h3 class=\"heading\" style=\"\"><mark>3<\/mark>Ann\u00e9es d&#039;exp\u00e9rience en informatique<\/h3><\/div>\n\n<div class=\"tm-spacer\" id=\"tm-spacer-69f698383b567\"><\/div>\n\n<div class=\"tm-heading  left tm-animation move-up\" id=\"tm-heading-69f698383b892\">\n\t<h4 class=\"heading\" style=\"\">Nous avons triomph\u00e9 de tout cela <mark>3 ann\u00e9es.<\/mark> Les sacrifices sont faits avec succ\u00e8s.<\/h4><\/div>\n\n<div class=\"tm-spacer\" id=\"tm-spacer-69f698383beb1\"><\/div>\n<\/div><\/div><\/div><div id=\"tm-column-inner-69f698383c177\" class=\"wpb_column vc_column_container vc_col-sm-6\"><div class=\"vc_column-inner\"><div class=\"wpb_wrapper\"><div class=\"tm-spacer\" id=\"tm-spacer-69f698383c4f0\"><\/div>\n\n<div class=\"tm-heading left-line center tm-animation move-up\" id=\"tm-heading-69f698383c8e2\">\n\t<h4 class=\"heading\" style=\"\">Nous sommes un sp\u00e9cialiste <mark>Londres<\/mark>agence de marketing num\u00e9rique et de d\u00e9veloppement de logiciels.<\/h4><\/div>\n\n<\/div><\/div><\/div><\/div><div class=\"tm-spacer\" id=\"tm-spacer-69f698383d136\"><\/div>\n<div id=\"tm-row-inner-69f698383d527\" class=\"vc_row vc_inner vc_row-fluid\"><div id=\"tm-column-inner-69f698383dafc\" class=\"wpb_column vc_column_container vc_col-sm-6 vc_col-md-5\"><div class=\"vc_column-inner\"><div class=\"wpb_wrapper\"><div class=\"tm-accordion style-01 tm-animation move-up\" id=\"tm-accordion-69f698383e06d\"\n\t>\n\t\n\t\t<div class=\"accordion-section active\">\n\t\t\t\t\t\t\t<div class=\"accordion-title-wrapper\">\n\t\t\t\t\t<h6 class=\"accordion-title\">Comment pouvons-nous soutenir votre entreprise ?<span\n\t\t\t\t\t\t\tclass=\"accordion-icon\"><\/span><\/h6>\n\t\t\t\t<\/div>\n\t\t\t\t\t\t<div class=\"accordion-content\"\n\t\t\t\tstyle=\"display: block;\"\t\t\t>\n\t\t\t\t\t\t\t\t\tNous sommes en mesure de parvenir \u00e0 une compr\u00e9hension mutuelle, de gagner la confiance des clients pour fournir des conseils appropri\u00e9s et de fournir des propositions sur la technologie appropri\u00e9e pour transformer votre organisation via un engagement avec les clients pour r\u00e9pondre aux besoins et aux d\u00e9sirs.\t\t\t\t\t\t\t<\/div>\n\t\t<\/div>\n\t\t\n\t\t<div class=\"accordion-section\">\n\t\t\t\t\t\t\t<div class=\"accordion-title-wrapper\">\n\t\t\t\t\t<h6 class=\"accordion-title\">Quels avantages offrons-nous ?<span\n\t\t\t\t\t\t\tclass=\"accordion-icon\"><\/span><\/h6>\n\t\t\t\t<\/div>\n\t\t\t\t\t\t<div class=\"accordion-content\"\n\t\t\t\t\t\t\t>\n\t\t\t\t\t\t\t\t\tNous prenons en compte chaque petit aspect pour nous assurer que le syst\u00e8me fonctionne correctement et rapidement. DTS PLUS utilise une m\u00e9thode de pointe connue sous le nom de &quot;Technologie Minifi\u00e9e&quot; pour mettre en place des pare-feux hautement secrets et s\u00e9curiser les bases de donn\u00e9es clients.\t\t\t\t\t\t\t<\/div>\n\t\t<\/div>\n\t\t\n\t\t<div class=\"accordion-section\">\n\t\t\t\t\t\t\t<div class=\"accordion-title-wrapper\">\n\t\t\t\t\t<h6 class=\"accordion-title\">Comment le processus de travail est-il simplifi\u00e9 ?<span\n\t\t\t\t\t\t\tclass=\"accordion-icon\"><\/span><\/h6>\n\t\t\t\t<\/div>\n\t\t\t\t\t\t<div class=\"accordion-content\"\n\t\t\t\t\t\t\t>\n\t\t\t\t\t\t\t\t\tPour garantir que Dtsplus fonctionnerait parfaitement et que la conception serait pr\u00e9serv\u00e9e dans sa meilleure forme lorsqu&#039;elle est vue \u00e0 partir d&#039;un large \u00e9ventail d&#039;appareils mobiles et de navigateurs, nous avons remplac\u00e9 les calculs complexes superflus et les longs textes de code erron\u00e9s par des textes simplifi\u00e9s.\t\t\t\t\t\t\t<\/div>\n\t\t<\/div>\n\t\t<\/div>\n<\/div><\/div><\/div><div id=\"tm-column-inner-69f698383e4de\" class=\"wpb_column vc_column_container vc_col-sm-6 vc_col-md-offset-1 vc_col-md-6\"><div class=\"vc_column-inner\"><div class=\"wpb_wrapper\"><div class=\"tm-accordion style-01 tm-animation move-up\" id=\"tm-accordion-69f698383ea5d\"\n\t>\n\t\n\t\t<div class=\"accordion-section active\">\n\t\t\t\t\t\t\t<div class=\"accordion-title-wrapper\">\n\t\t\t\t\t<h6 class=\"accordion-title\">Lancez-vous dans l&#039;action.<span\n\t\t\t\t\t\t\tclass=\"accordion-icon\"><\/span><\/h6>\n\t\t\t\t<\/div>\n\t\t\t\t\t\t<div class=\"accordion-content\"\n\t\t\t\tstyle=\"display: block;\"\t\t\t>\n\t\t\t\t\t\t\t\t\tNous commen\u00e7ons \u00e0 travailler sur votre projet d\u00e8s que nous vous contactons, accumulant des mois de planification dans votre \u00e9valuation initiale et votre proposition.\t\t\t\t\t\t\t<\/div>\n\t\t<\/div>\n\t\t\n\t\t<div class=\"accordion-section\">\n\t\t\t\t\t\t\t<div class=\"accordion-title-wrapper\">\n\t\t\t\t\t<h6 class=\"accordion-title\">Vous n&#039;avez que les meilleurs de votre c\u00f4t\u00e9.<span\n\t\t\t\t\t\t\tclass=\"accordion-icon\"><\/span><\/h6>\n\t\t\t\t<\/div>\n\t\t\t\t\t\t<div class=\"accordion-content\"\n\t\t\t\t\t\t\t>\n\t\t\t\t\t\t\t\t\tNous fournissons de l&#039;espace et des ressources pour que les membres de notre personnel puissent se d\u00e9velopper. Cela explique pourquoi nous avons un taux de r\u00e9tention des employ\u00e9s de 95% et certains des meilleurs employ\u00e9s de l&#039;industrie.\t\t\t\t\t\t\t<\/div>\n\t\t<\/div>\n\t\t\n\t\t<div class=\"accordion-section\">\n\t\t\t\t\t\t\t<div class=\"accordion-title-wrapper\">\n\t\t\t\t\t<h6 class=\"accordion-title\">La surlivraison est notre r\u00e9f\u00e9rence.<span\n\t\t\t\t\t\t\tclass=\"accordion-icon\"><\/span><\/h6>\n\t\t\t\t<\/div>\n\t\t\t\t\t\t<div class=\"accordion-content\"\n\t\t\t\t\t\t\t>\n\t\t\t\t\t\t\t\t\tNous sommes fiers de nos marques sur le plan personnel et professionnel et apportons une attitude positive au travail chaque jour.\t\t\t\t\t\t\t<\/div>\n\t\t<\/div>\n\t\t\n\t\t<div class=\"accordion-section\">\n\t\t\t\t\t\t\t<div class=\"accordion-title-wrapper\">\n\t\t\t\t\t<h6 class=\"accordion-title\">Pilot\u00e9 par le retour sur investissement, pas les ego.<span\n\t\t\t\t\t\t\tclass=\"accordion-icon\"><\/span><\/h6>\n\t\t\t\t<\/div>\n\t\t\t\t\t\t<div class=\"accordion-content\"\n\t\t\t\t\t\t\t>\n\t\t\t\t\t\t\t\t\tAu lieu d&#039;un groupe de &quot;Yes Men&quot;, vous travaillez avec des consultants et des strat\u00e8ges.\n<br>Nous nous opposerons \u00e0 tout ce qui n&#039;a pas de sens. Et les r\u00e9sultats vous rendront heureux que nous l&#039;ayons fait.\t\t\t\t\t\t\t<\/div>\n\t\t<\/div>\n\t\t<\/div>\n<\/div><\/div><\/div><\/div><div class=\"tm-spacer\" id=\"tm-spacer-69f698383ee09\"><\/div>\n<\/div><\/div><\/div><\/div><div id=\"tm-row-69f698383f403\" data-vc-full-width=\"true\" data-vc-full-width-init=\"false\" class=\"vc_row vc_row-outer vc_row-fluid\"><div id=\"tm-column-69f698383fb87\" class=\"wpb_column vc_column_container vc_col-sm-12\"><div class=\"vc_column-inner\"><div class=\"wpb_wrapper\">\n<div class=\"tm-heading modern center tm-animation move-up\" id=\"tm-heading-69f69838401de\">\n\t<h6 class=\"heading\" style=\"\">Engagez-nous, pourquoi pas ?<\/h6><\/div>\n\n<div class=\"tm-spacer\" id=\"tm-spacer-69f6983840aaa\"><\/div>\n\n<div class=\"tm-heading left-line center tm-animation move-up\" id=\"tm-heading-69f6983840e8c\">\n\t<h3 class=\"heading\" style=\"\">Comment affirmer cela ?<\/h3><\/div>\n\n<div class=\"tm-spacer\" id=\"tm-spacer-69f6983841549\"><\/div>\n<div class=\"tm-grid-wrapper tm-grid-group\" id=\"tm-grid-69f69838417db\"\n     data-item-wrap=\"1\"\n     data-item-border=\"1\"\n>\n\n\t<div class=\"tm-grid modern-grid has-animation move-up\">\n\t\t<div class=\"tm-box-large-image style-01 has-button tm-animation move-up\" id=\"tm-box-large-image-69f6983841c6f\">\n\t\n\t<a href=\"#\" class=\"link-secret\">\n\t<div class=\"content-wrap\">\n\t\t\n<div class=\"content\">\n\n\t<div class=\"image-wrap\">\n\t\t\t\t\t<div class=\"image\">\n\t\t\t\t<img loading=\"lazy\" decoding=\"async\"  class=\"ll-image unload\" alt=\"Vagas-no-Marketing-Num\u00e9rique-1024x640\" width=\"330\" height=\"330\" data-src-retina=\"https:\/\/dtsplus-online.com\/wp-content\/uploads\/2022\/12\/Vagas-no-Marketing-Digital-1024x640-1-330x330@2x.jpeg\" src=\"https:\/\/dtsplus-online.com\/wp-content\/uploads\/2022\/12\/Vagas-no-Marketing-Digital-1024x640-1-50x50.jpeg\" data-src=\"https:\/\/dtsplus-online.com\/wp-content\/uploads\/2022\/12\/Vagas-no-Marketing-Digital-1024x640-1-330x330.jpeg\" \/>\t\t\t<\/div>\n\t\t\n\t\t\t\t\t\t\t\t\t<div class=\"button-wrapper\">\n\t\t\t\t\t\t\t\t\t<div class=\"btn tm-button style-flat\">\t\t\t\t\n\t\t\t\t<span class=\"button-text\">Apprendre encore plus<\/span>\n\n\t\t\t\t\t\t\t\t\t<\/div>\t\t\t\t\t\t\t\t\t\t<\/div>\n\t\t\n\t\t\t\t\t<div class=\"heading-wrapper\">\n\t\t\t\t<h4 class=\"heading\">\n\t\t\t\t\tSyst\u00e8mes de commercialisation\t\t\t\t<\/h4>\n\t\t\t<\/div>\n\t\t\t<\/div>\n\n\t\t\t<div class=\"text\">Services de marketing num\u00e9rique complet pour atteindre votre public cible sans \u00eatre trop \u00e9crasant.<br \/>\nAvant la signature du contrat, nous analysons votre plan marketing existant pour trouver d&#039;\u00e9ventuelles lacunes.<\/div>\t<\/div>\n\t<\/div>\n\n\t<\/a>\n<\/div>\n<div class=\"tm-box-large-image style-01 has-button tm-animation move-up\" id=\"tm-box-large-image-69f698384680c\">\n\t\n\t<a href=\"#\" class=\"link-secret\">\n\t<div class=\"content-wrap\">\n\t\t\n<div class=\"content\">\n\n\t<div class=\"image-wrap\">\n\t\t\t\t\t<div class=\"image\">\n\t\t\t\t<img loading=\"lazy\" decoding=\"async\"  class=\"ll-image unload\" alt=\"ezgif.com-gif-maker\" width=\"330\" height=\"330\" data-src-retina=\"https:\/\/dtsplus-online.com\/wp-content\/uploads\/2022\/12\/ezgif.com-gif-maker-330x330@2x.png\" src=\"https:\/\/dtsplus-online.com\/wp-content\/uploads\/2022\/12\/ezgif.com-gif-maker-50x50.png\" data-src=\"https:\/\/dtsplus-online.com\/wp-content\/uploads\/2022\/12\/ezgif.com-gif-maker-330x330.png\" \/>\t\t\t<\/div>\n\t\t\n\t\t\t\t\t\t\t\t\t<div class=\"button-wrapper\">\n\t\t\t\t\t\t\t\t\t<div class=\"btn tm-button style-flat\">\t\t\t\t\n\t\t\t\t<span class=\"button-text\">Apprendre encore plus<\/span>\n\n\t\t\t\t\t\t\t\t\t<\/div>\t\t\t\t\t\t\t\t\t\t<\/div>\n\t\t\n\t\t\t\t\t<div class=\"heading-wrapper\">\n\t\t\t\t<h4 class=\"heading\">\n\t\t\t\t\tSyst\u00e8mes technologiques\t\t\t\t<\/h4>\n\t\t\t<\/div>\n\t\t\t<\/div>\n\n\t\t\t<div class=\"text\">Obtenez des rapports personnalis\u00e9s pour chaque membre de l&#039;\u00e9quipe, profitez des changements en temps r\u00e9el bas\u00e9s sur l&#039;apprentissage automatique dans votre strat\u00e9gie num\u00e9rique.<br \/>\nEt dirigez votre march\u00e9 avec l&#039;aide de nova, notre propre plate-forme technologique.<\/div>\t<\/div>\n\t<\/div>\n\n\t<\/a>\n<\/div>\n<div class=\"tm-box-large-image style-01 has-button tm-animation move-up\" id=\"tm-box-large-image-69f6983848850\">\n\t\n\t<a href=\"#\" class=\"link-secret\">\n\t<div class=\"content-wrap\">\n\t\t\n<div class=\"content\">\n\n\t<div class=\"image-wrap\">\n\t\t\t\t\t<div class=\"image\">\n\t\t\t\t<img loading=\"lazy\" decoding=\"async\"  class=\"ll-image unload\" alt=\"garantie\" width=\"330\" height=\"330\" src=\"https:\/\/dtsplus-online.com\/wp-content\/uploads\/2022\/12\/garentee-1-50x50.png\" data-src=\"https:\/\/dtsplus-online.com\/wp-content\/uploads\/2022\/12\/garentee-1-330x330.png\" \/>\t\t\t<\/div>\n\t\t\n\t\t\t\t\t\t\t\t\t<div class=\"button-wrapper\">\n\t\t\t\t\t\t\t\t\t<div class=\"btn tm-button style-flat\">\t\t\t\t\n\t\t\t\t<span class=\"button-text\">Apprendre encore plus<\/span>\n\n\t\t\t\t\t\t\t\t\t<\/div>\t\t\t\t\t\t\t\t\t\t<\/div>\n\t\t\n\t\t\t\t\t<div class=\"heading-wrapper\">\n\t\t\t\t<h4 class=\"heading\">\n\t\t\t\t\tGarantie assur\u00e9e\t\t\t\t<\/h4>\n\t\t\t<\/div>\n\t\t\t<\/div>\n\n\t\t\t<div class=\"text\">Nous ne travaillons pas seulement comme une agence num\u00e9rique en ligne.<br \/>\nNous fonctionnons comme une extension de votre \u00e9quipe, s&#039;int\u00e9grant sans effort aux autres parties de votre entreprise pour avoir une influence significative sur vos r\u00e9sultats sans alourdir votre charge de travail.<\/div>\t<\/div>\n\t<\/div>\n\n\t<\/a>\n<\/div>\n\t<\/div>\n\n<\/div>\n\n\n<div class=\"tm-spacer\" id=\"tm-spacer-69f698384a3bf\"><\/div>\n\n<div class=\"tm-heading link-style-01 center tm-animation move-up\" id=\"tm-heading-69f698384a80c\">\n\t<div class=\"heading\" style=\"\">Les d\u00e9fis ne sont que des opportunit\u00e9s d\u00e9guis\u00e9es. <a href=\"#\">Acceptes le challenge!<\/a><\/div><\/div>\n\n<\/div><\/div><\/div><\/div><div class=\"vc_row-full-width vc_clearfix\"><\/div><div id=\"tm-row-69f698384bc3b\" class=\"vc_row vc_row-outer vc_row-fluid\"><div id=\"tm-column-69f698384c3ce\" class=\"wpb_column vc_column_container vc_col-sm-12\"><div class=\"vc_column-inner\"><div class=\"wpb_wrapper\"><div class=\"tm-spacer\" id=\"tm-spacer-69f698384c8b1\"><\/div>\n<\/div><\/div><\/div><\/div>\n<div id=\"tm-row-69f698384cecd\" data-vc-full-width=\"true\" data-vc-full-width-init=\"false\" class=\"vc_row vc_row-outer vc_row-fluid\"><div id=\"tm-column-69f698384d544\" class=\"wpb_column vc_column_container vc_col-sm-12\"><div class=\"vc_column-inner\"><div class=\"wpb_wrapper\"><div class=\"tm-spacer\" id=\"tm-spacer-69f698384d9c5\"><\/div>\n\n<div class=\"tm-heading modern center tm-animation move-up\" id=\"tm-heading-69f698384dd7e\">\n\t<h6 class=\"heading\" style=\"\">T\u00e9moignages<\/h6><\/div>\n\n<div class=\"tm-spacer\" id=\"tm-spacer-69f698384e494\"><\/div>\n\n<div class=\"tm-heading modern-02 center tm-animation move-up\" id=\"tm-heading-69f698384e765\">\n\t<h3 class=\"heading\" style=\"\">Opinions des gens sur notre entreprise<\/h3><\/div>\n\n<div class=\"tm-spacer\" id=\"tm-spacer-69f698384ef46\"><\/div>\n\t<div class=\"tm-testimonial style-carousel tm-animation move-up\" id=\"tm-testimonial-69f698384f250\">\n\t\t\n<div class=\"mitech-swiper tm-swiper equal-height pagination-style-01\"\n\t data-xs-items=\"1\" data-sm-items=\"2\" data-lg-items=\"2\"\n\t data-lg-gutter=\"20\"\n\t data-slides-per-group=\"inherit\"\n\n\t\n\t\n\t\t\tdata-pagination=\"1\"\n\t\n\t\n\t\t\tdata-loop=\"1\"\n\t\n\t data-equal-height=\"1\"\n>\n\t<div class=\"swiper-inner\">\n\t\t<div class=\"swiper-container\">\n\t\t\t<div class=\"swiper-wrapper\">\n\t\t\t\t\t\t\t\t\t<div class=\"swiper-slide\">\n\t\t\t\t\t\t<div class=\"testimonial-item\">\n\n\t\t\t\t\t\t\t<div class=\"testimonial-info-wrap\">\n\t\t\t\t\t\t\t\t\n\t\t\t\t\t\t\t\t<div class=\"testimonial-info\">\n\t\t\t\t\t\t\t\t\t\t\t\t\t\t\t\t\t\t\t<div class=\"testimonial-rating\">\n\t\t\t\t\t\t\t\t\t\t\t<span class=\"fa fa-star\"><\/span><span class=\"fa fa-star\"><\/span><span class=\"fa fa-star\"><\/span><span class=\"fa fa-star\"><\/span><span class=\"fa fa-star\"><\/span>\t\t\t\t\t\t\t\t\t\t<\/div>\n\t\t\t\t\t\t\t\t\t\n\t\t\t\t\t\t\t\t\t<div class=\"testimonial-main-info\">\n\t\t\t\t\t\t\t\t\t\t<h6 class=\"testimonial-name\">Belinda J. Moon<\/h6>\n\n\t\t\t\t\t\t\t\t\t\t\t\t\t\t\t\t\t\t\t\t\t<div\n\t\t\t\t\t\t\t\t\t\t\t\tclass=\"testimonial-by-line\">Le marketing num\u00e9rique<\/div>\n\t\t\t\t\t\t\t\t\t\t\t\t\t\t\t\t\t\t\t<\/div>\n\t\t\t\t\t\t\t\t<\/div>\n\t\t\t\t\t\t\t<\/div>\n\n\t\t\t\t\t\t\t<div class=\"testimonial-content\">\n\t\t\t\t\t\t\t\t<div class=\"testimonial-desc\"><p>\u00ab\u00a0Nous sommes toujours \u00e9tonn\u00e9s de la grande qualit\u00e9 de l&#039;assistance que nous recevons dans tous les aspects de nos campagnes de recherche sponsoris\u00e9es. L&#039;\u00e9quipe est constamment pr\u00eate \u00e0 r\u00e9pondre aux questions, et nous sommes heureux d&#039;annoncer que le travail de DTS a consid\u00e9rablement augment\u00e9 notre retour sur investissement.<\/p>\n<\/div>\n\t\t\t\t\t\t\t<\/div>\n\t\t\t\t\t\t<\/div>\n\t\t\t\t\t<\/div>\n\n\t\t\t\t\t\t\t\t\t<div class=\"swiper-slide\">\n\t\t\t\t\t\t<div class=\"testimonial-item\">\n\n\t\t\t\t\t\t\t<div class=\"testimonial-info-wrap\">\n\t\t\t\t\t\t\t\t\n\t\t\t\t\t\t\t\t<div class=\"testimonial-info\">\n\t\t\t\t\t\t\t\t\t\t\t\t\t\t\t\t\t\t\t<div class=\"testimonial-rating\">\n\t\t\t\t\t\t\t\t\t\t\t<span class=\"fa fa-star\"><\/span><span class=\"fa fa-star\"><\/span><span class=\"fa fa-star\"><\/span><span class=\"fa fa-star\"><\/span><span class=\"far fa-star\"><\/span>\t\t\t\t\t\t\t\t\t\t<\/div>\n\t\t\t\t\t\t\t\t\t\n\t\t\t\t\t\t\t\t\t<div class=\"testimonial-main-info\">\n\t\t\t\t\t\t\t\t\t\t<h6 class=\"testimonial-name\">Clarice Rivard<\/h6>\n\n\t\t\t\t\t\t\t\t\t\t\t\t\t\t\t\t\t\t\t\t\t<div\n\t\t\t\t\t\t\t\t\t\t\t\tclass=\"testimonial-by-line\">Le marketing num\u00e9rique<\/div>\n\t\t\t\t\t\t\t\t\t\t\t\t\t\t\t\t\t\t\t<\/div>\n\t\t\t\t\t\t\t\t<\/div>\n\t\t\t\t\t\t\t<\/div>\n\n\t\t\t\t\t\t\t<div class=\"testimonial-content\">\n\t\t\t\t\t\t\t\t<div class=\"testimonial-desc\"><p>&quot;Travailler avec DTS sur une nouvelle entreprise a \u00e9t\u00e9 une exp\u00e9rience particuli\u00e8re, de la conception du site au r\u00e9f\u00e9rencement et de nombreux conseils tout au long de la route sur d&#039;autres domaines tels que le PPC.<br \/> J&#039;en ai d\u00e9j\u00e0 parl\u00e9 \u00e0 d&#039;autres.<br \/> Nous assistons \u00e0 une augmentation constante de la recherche organique apr\u00e8s un d\u00e9marrage lent l&#039;ann\u00e9e derni\u00e8re.\u00a0\u00bb<\/p>\n<\/div>\n\t\t\t\t\t\t\t<\/div>\n\t\t\t\t\t\t<\/div>\n\t\t\t\t\t<\/div>\n\n\t\t\t\t\t\t\t\t\t<div class=\"swiper-slide\">\n\t\t\t\t\t\t<div class=\"testimonial-item\">\n\n\t\t\t\t\t\t\t<div class=\"testimonial-info-wrap\">\n\t\t\t\t\t\t\t\t\n\t\t\t\t\t\t\t\t<div class=\"testimonial-info\">\n\t\t\t\t\t\t\t\t\t\t\t\t\t\t\t\t\t\t\t<div class=\"testimonial-rating\">\n\t\t\t\t\t\t\t\t\t\t\t<span class=\"fa fa-star\"><\/span><span class=\"fa fa-star\"><\/span><span class=\"fa fa-star\"><\/span><span class=\"fa fa-star\"><\/span><span class=\"fa fa-star\"><\/span>\t\t\t\t\t\t\t\t\t\t<\/div>\n\t\t\t\t\t\t\t\t\t\n\t\t\t\t\t\t\t\t\t<div class=\"testimonial-main-info\">\n\t\t\t\t\t\t\t\t\t\t<h6 class=\"testimonial-name\">Bayard Vaillancourt<\/h6>\n\n\t\t\t\t\t\t\t\t\t\t\t\t\t\t\t\t\t\t\t\t\t<div\n\t\t\t\t\t\t\t\t\t\t\t\tclass=\"testimonial-by-line\">cr\u00e9ation de sites web<\/div>\n\t\t\t\t\t\t\t\t\t\t\t\t\t\t\t\t\t\t\t<\/div>\n\t\t\t\t\t\t\t\t<\/div>\n\t\t\t\t\t\t\t<\/div>\n\n\t\t\t\t\t\t\t<div class=\"testimonial-content\">\n\t\t\t\t\t\t\t\t<div class=\"testimonial-desc\"><p>\u00ab Nous travaillons avec Dts depuis 5 mois et je suis vraiment satisfait ; des r\u00e9sultats commerciaux tangibles incroyables, un personnel formidable et un excellent travail\u00a0! Cette agence est fortement recommand\u00e9e &quot;<\/p>\n<\/div>\n\t\t\t\t\t\t\t<\/div>\n\t\t\t\t\t\t<\/div>\n\t\t\t\t\t<\/div>\n\n\t\t\t\t\t\t\t\t\t<div class=\"swiper-slide\">\n\t\t\t\t\t\t<div class=\"testimonial-item\">\n\n\t\t\t\t\t\t\t<div class=\"testimonial-info-wrap\">\n\t\t\t\t\t\t\t\t\n\t\t\t\t\t\t\t\t<div class=\"testimonial-info\">\n\t\t\t\t\t\t\t\t\t\t\t\t\t\t\t\t\t\t\t<div class=\"testimonial-rating\">\n\t\t\t\t\t\t\t\t\t\t\t<span class=\"fa fa-star\"><\/span><span class=\"fa fa-star\"><\/span><span class=\"fa fa-star\"><\/span><span class=\"fa fa-star\"><\/span><span class=\"fa fa-star\"><\/span>\t\t\t\t\t\t\t\t\t\t<\/div>\n\t\t\t\t\t\t\t\t\t\n\t\t\t\t\t\t\t\t\t<div class=\"testimonial-main-info\">\n\t\t\t\t\t\t\t\t\t\t<h6 class=\"testimonial-name\">Nicolas Raiwala<\/h6>\n\n\t\t\t\t\t\t\t\t\t\t\t\t\t\t\t\t\t\t\t\t\t<div\n\t\t\t\t\t\t\t\t\t\t\t\tclass=\"testimonial-by-line\">Commercialisation<\/div>\n\t\t\t\t\t\t\t\t\t\t\t\t\t\t\t\t\t\t\t<\/div>\n\t\t\t\t\t\t\t\t<\/div>\n\t\t\t\t\t\t\t<\/div>\n\n\t\t\t\t\t\t\t<div class=\"testimonial-content\">\n\t\t\t\t\t\t\t\t<div class=\"testimonial-desc\"><p>\u00ab Nous sommes une entreprise modeste dans un march\u00e9 trop concurrentiel. Cependant, tout en optant pour une approche plus ax\u00e9e sur la technologie, nous sommes tomb\u00e9s sur DTS PLUS. Et au fur et \u00e0 mesure que notre relation professionnelle se d\u00e9veloppe, je ne peux qu&#039;anticiper le potentiel et le d\u00e9veloppement de l&#039;\u00e9quipe web. Les hommes ont \u00e9t\u00e9 extr\u00eamement gentils avec nous et, malgr\u00e9 notre petite taille, ont d\u00e9montr\u00e9 qu&#039;il existe de nombreuses opportunit\u00e9s de gagner de l&#039;argent dans ce domaine. Nous adoptons une approche professionnelle et syst\u00e9matique pour tout ce qui concerne le r\u00e9f\u00e9rencement\u00a0; appels de rapport mensuels et d\u00e9pannage au besoin.<\/p>\n<\/div>\n\t\t\t\t\t\t\t<\/div>\n\t\t\t\t\t\t<\/div>\n\t\t\t\t\t<\/div>\n\n\t\t\t\t\t\t\t<\/div>\n\t\t<\/div>\n\t<\/div>\n<\/div>\n\t<\/div>\n<div class=\"tm-spacer\" id=\"tm-spacer-69f69838543c2\"><\/div>\n<\/div><\/div><\/div><\/div><div class=\"vc_row-full-width vc_clearfix\"><\/div>\n<\/section>","protected":false},"excerpt":{"rendered":"\"We're a modest firm in an overly competitive market. However, while opting to take a more technologically focused approach, we came across DTS PLUS. And as our professional relationship develops, I can only anticipate web team potential and development. The mens have been extremely nice to us and, despite our small, have demonstrated that there are numerous opportunities to make money in this field. We take a professional and systematic approach to everything SEO; monthly report calls, and troubleshooting as needed.","protected":false},"author":1,"featured_media":0,"parent":0,"menu_order":0,"comment_status":"closed","ping_status":"closed","template":"","meta":{"inline_featured_image":false,"_joinchat":[],"footnotes":""},"class_list":["post-1102","page","type-page","status-publish","hentry","post-no-thumbnail"],"_links":{"self":[{"href":"https:\/\/dtsplus-online.com\/fr\/wp-json\/wp\/v2\/pages\/1102","targetHints":{"allow":["GET"]}}],"collection":[{"href":"https:\/\/dtsplus-online.com\/fr\/wp-json\/wp\/v2\/pages"}],"about":[{"href":"https:\/\/dtsplus-online.com\/fr\/wp-json\/wp\/v2\/types\/page"}],"author":[{"embeddable":true,"href":"https:\/\/dtsplus-online.com\/fr\/wp-json\/wp\/v2\/users\/1"}],"replies":[{"embeddable":true,"href":"https:\/\/dtsplus-online.com\/fr\/wp-json\/wp\/v2\/comments?post=1102"}],"version-history":[{"count":63,"href":"https:\/\/dtsplus-online.com\/fr\/wp-json\/wp\/v2\/pages\/1102\/revisions"}],"predecessor-version":[{"id":4237,"href":"https:\/\/dtsplus-online.com\/fr\/wp-json\/wp\/v2\/pages\/1102\/revisions\/4237"}],"wp:attachment":[{"href":"https:\/\/dtsplus-online.com\/fr\/wp-json\/wp\/v2\/media?parent=1102"}],"curies":[{"name":"wp","href":"https:\/\/api.w.org\/{rel}","templated":true}]}}